{"id":49,"date":"2024-07-31T20:04:02","date_gmt":"2024-07-31T20:04:02","guid":{"rendered":"https:\/\/mejorescursstg.wpenginepowered.com\/?page_id=49"},"modified":"2024-07-31T20:04:02","modified_gmt":"2024-07-31T20:04:02","slug":"ef-live","status":"publish","type":"page","link":"https:\/\/www.stg.openenglish.com\/blog\/mejorescursos\/ef-live\/","title":{"rendered":"EF Live"},"content":{"rendered":"\n<h1>Curso de ingl\u00e9s de EF Live<\/h1>\n\n<h2>Caracter\u00edsticas<\/h2>\n\n<p>EF English Live es una plataforma de aprendizaje de ingl\u00e9s en l\u00ednea que ofrece aprendizaje personalizado, clases grupales y aprendizaje a su propio ritmo. Cuenta con un equipo de profesores de ingl\u00e9s experimentados y fluidos que brindan apoyo desde el principio hasta el final, ayudando a los estudiantes a mejorar r\u00e1pidamente sus habilidades ling\u00fc\u00edsticas. La plataforma tambi\u00e9n ofrece una garant\u00eda de aprendizaje, donde los estudiantes que completan el nivel de estudio recomendado avanzan al menos un nivel cada 12 semanas.<\/p>\n\n<h2>Metodolog\u00eda<\/h2>\n\n<p>La plataforma utiliza un m\u00e9todo que ha sido refinado desde 1965, que incluye t\u00e9cnicas y herramientas para ayudar a los estudiantes a dominar los sonidos y la pronunciaci\u00f3n del ingl\u00e9s. Combina la simplicidad de las clases privadas, la capacidad de hablar con otros estudiantes y la efectividad de sus herramientas interactivas. La plataforma tambi\u00e9n ofrece miles de horas de lecciones interactivas dise\u00f1adas para ayudar a los estudiantes a alcanzar sus metas personales. Tambi\u00e9n ofrece clases grupales en vivo, una vez al d\u00eda, a comparaci\u00f3n de otros cursos como el de Open English en las cuales tienes acceso un n\u00famero ilimitado por d\u00eda.<\/p>\n\n<h2>Niveles<\/h2>\n\n<p>Los 16 niveles de EF English Live se alinean con los est\u00e1ndares reconocidos internacionalmente del Marco Com\u00fan Europeo de Referencia para las Lenguas (MCER) desde el nivel A1 hasta el C2. Los niveles preparan a los estudiantes para las principales certificaciones de ingl\u00e9s como Cambridge ESOL Main Suite, Cambridge ESOL BEC, IELTS\u00ae, TOEFL\u00ae iBT y TOEIC\u00ae.<\/p>\n\n<h2>Oferta<\/h2>\n<p>EF English Live ofrece cursos adaptados a los objetivos de los estudiantes, incluyendo ingl\u00e9s de negocios, ingl\u00e9s general, ingl\u00e9s para viajes, preparaci\u00f3n para el TOEFL y preparaci\u00f3n para el TOEIC. Los estudiantes reciben certificados reconocidos a nivel mundial para todos los niveles, d\u00e1ndoles el reconocimiento que merecen. Adem\u00e1s del curso de ingl\u00e9s general, obtienen acceso ilimitado a todos los dem\u00e1s cursos y herramientas de estudio.<\/p>\n\n<h2>Promociones<\/h2>\n<p>EF English Live ofrece una prueba de 14 d\u00edas por solo $1. Esto permite a los posibles estudiantes probar la plataforma y ver si se adapta a sus necesidades de aprendizaje antes de comprometerse con una suscripci\u00f3n completa.<\/p>\n\n<h2>Precios<\/h2>\n<p>El precio de EF English Live no est\u00e1 disponible directamente en su sitio web. Sin embargo, seg\u00fan el sitio web de One Minute English, el costo del curso var\u00eda dependiendo de la duraci\u00f3n de la suscripci\u00f3n. Una suscripci\u00f3n de 12 meses cuesta alrededor de $39 por mes, una suscripci\u00f3n de 6 meses es aproximadamente $49 por mes, y una suscripci\u00f3n de 3 meses es alrededor de $69 por mes.<\/p>\n\n<h2>Opiniones<\/h2>\n\n<p>EF English Live recibe cr\u00edticas mixtas. Algunos usuarios aprecian su flexibilidad y variedad de temas, pero otros encuentran que las actividades no son lo suficientemente desafiantes. Los problemas incluyen dificultades para reservar clases debido a cambios en el dise\u00f1o, mala conexi\u00f3n y preocupaciones sobre la calidad de algunos instructores. Adem\u00e1s, se ha criticado la falta de una opci\u00f3n de cancelaci\u00f3n y las clases que no se adaptan a los niveles b\u00e1sicos. Estas preocupaciones deben tenerse en cuenta al evaluar la plataforma.<\/p>\n","protected":false},"excerpt":{"rendered":"<p>Curso de ingl\u00e9s de EF Live Caracter\u00edsticas EF English Live es una plataforma de aprendizaje de ingl\u00e9s en l\u00ednea que ofrece aprendizaje personalizado, clases grupales y aprendizaje a su propio ritmo. Cuenta con un equipo de profesores de ingl\u00e9s experimentados y fluidos que brindan apoyo desde el principio hasta el final, ayudando a los estudiantes [&hellip;]<\/p>\n","protected":false},"author":27,"featured_media":0,"parent":0,"menu_order":4,"comment_status":"closed","ping_status":"closed","template":"","meta":{"_acf_changed":true,"_lmt_disableupdate":"","_lmt_disable":"","footnotes":""},"class_list":["post-49","page","type-page","status-publish","hentry"],"acf":[],"yoast_head":"<!-- This site is optimized with the Yoast SEO plugin v25.9 - https:\/\/yoast.com\/wordpress\/plugins\/seo\/ -->\n<title>EF Live - Mejores Cursos<\/title>\n<meta name=\"robots\" content=\"noindex, follow, max-snippet:-1, max-image-preview:large, max-video-preview:-1\" \/>\n<meta property=\"og:locale\" content=\"en_US\" \/>\n<meta property=\"og:type\" content=\"article\" \/>\n<meta property=\"og:title\" content=\"EF Live - Mejores Cursos\" \/>\n<meta property=\"og:description\" content=\"Curso de ingl\u00e9s de EF Live Caracter\u00edsticas EF English Live es una plataforma de aprendizaje de ingl\u00e9s en l\u00ednea que ofrece aprendizaje personalizado, clases grupales y aprendizaje a su propio ritmo. Cuenta con un equipo de profesores de ingl\u00e9s experimentados y fluidos que brindan apoyo desde el principio hasta el final, ayudando a los estudiantes [&hellip;]\" \/>\n<meta property=\"og:url\" content=\"https:\/\/www.mejores-cursos-de-ingles.com\/ef-live\/\" \/>\n<meta property=\"og:site_name\" content=\"Mejores Cursos\" \/>\n<meta name=\"twitter:card\" content=\"summary_large_image\" \/>\n<meta name=\"twitter:label1\" content=\"Est. reading time\" \/>\n\t<meta name=\"twitter:data1\" content=\"3 minutes\" \/>\n<script type=\"application\/ld+json\" class=\"yoast-schema-graph\">{\"@context\":\"https:\/\/schema.org\",\"@graph\":[{\"@type\":\"WebPage\",\"@id\":\"https:\/\/www.stg.openenglish.com\/blog\/mejorescursos\/ef-live\/\",\"url\":\"https:\/\/www.mejores-cursos-de-ingles.com\/ef-live\/\",\"name\":\"EF Live - Mejores Cursos\",\"isPartOf\":{\"@id\":\"https:\/\/www.stg.openenglish.com\/blog\/mejorescursos\/#website\"},\"datePublished\":\"2024-07-31T20:04:02+00:00\",\"breadcrumb\":{\"@id\":\"https:\/\/www.mejores-cursos-de-ingles.com\/ef-live\/#breadcrumb\"},\"inLanguage\":\"en-US\",\"potentialAction\":[{\"@type\":\"ReadAction\",\"target\":[\"https:\/\/www.mejores-cursos-de-ingles.com\/ef-live\/\"]}]},{\"@type\":\"BreadcrumbList\",\"@id\":\"https:\/\/www.mejores-cursos-de-ingles.com\/ef-live\/#breadcrumb\",\"itemListElement\":[{\"@type\":\"ListItem\",\"position\":1,\"name\":\"Home\",\"item\":\"https:\/\/www.stg.openenglish.com\/blog\/mejorescursos\/\"},{\"@type\":\"ListItem\",\"position\":2,\"name\":\"EF Live\"}]},{\"@type\":\"WebSite\",\"@id\":\"https:\/\/www.stg.openenglish.com\/blog\/mejorescursos\/#website\",\"url\":\"https:\/\/www.stg.openenglish.com\/blog\/mejorescursos\/\",\"name\":\"Mejores Cursos\",\"description\":\"\",\"potentialAction\":[{\"@type\":\"SearchAction\",\"target\":{\"@type\":\"EntryPoint\",\"urlTemplate\":\"https:\/\/www.stg.openenglish.com\/blog\/mejorescursos\/?s={search_term_string}\"},\"query-input\":{\"@type\":\"PropertyValueSpecification\",\"valueRequired\":true,\"valueName\":\"search_term_string\"}}],\"inLanguage\":\"en-US\"}]}<\/script>\n<!-- \/ Yoast SEO plugin. -->","yoast_head_json":{"title":"EF Live - Mejores Cursos","robots":{"index":"noindex","follow":"follow","max-snippet":"max-snippet:-1","max-image-preview":"max-image-preview:large","max-video-preview":"max-video-preview:-1"},"og_locale":"en_US","og_type":"article","og_title":"EF Live - Mejores Cursos","og_description":"Curso de ingl\u00e9s de EF Live Caracter\u00edsticas EF English Live es una plataforma de aprendizaje de ingl\u00e9s en l\u00ednea que ofrece aprendizaje personalizado, clases grupales y aprendizaje a su propio ritmo. Cuenta con un equipo de profesores de ingl\u00e9s experimentados y fluidos que brindan apoyo desde el principio hasta el final, ayudando a los estudiantes [&hellip;]","og_url":"https:\/\/www.mejores-cursos-de-ingles.com\/ef-live\/","og_site_name":"Mejores Cursos","twitter_card":"summary_large_image","twitter_misc":{"Est. reading time":"3 minutes"},"schema":{"@context":"https:\/\/schema.org","@graph":[{"@type":"WebPage","@id":"https:\/\/www.stg.openenglish.com\/blog\/mejorescursos\/ef-live\/","url":"https:\/\/www.mejores-cursos-de-ingles.com\/ef-live\/","name":"EF Live - Mejores Cursos","isPartOf":{"@id":"https:\/\/www.stg.openenglish.com\/blog\/mejorescursos\/#website"},"datePublished":"2024-07-31T20:04:02+00:00","breadcrumb":{"@id":"https:\/\/www.mejores-cursos-de-ingles.com\/ef-live\/#breadcrumb"},"inLanguage":"en-US","potentialAction":[{"@type":"ReadAction","target":["https:\/\/www.mejores-cursos-de-ingles.com\/ef-live\/"]}]},{"@type":"BreadcrumbList","@id":"https:\/\/www.mejores-cursos-de-ingles.com\/ef-live\/#breadcrumb","itemListElement":[{"@type":"ListItem","position":1,"name":"Home","item":"https:\/\/www.stg.openenglish.com\/blog\/mejorescursos\/"},{"@type":"ListItem","position":2,"name":"EF Live"}]},{"@type":"WebSite","@id":"https:\/\/www.stg.openenglish.com\/blog\/mejorescursos\/#website","url":"https:\/\/www.stg.openenglish.com\/blog\/mejorescursos\/","name":"Mejores Cursos","description":"","potentialAction":[{"@type":"SearchAction","target":{"@type":"EntryPoint","urlTemplate":"https:\/\/www.stg.openenglish.com\/blog\/mejorescursos\/?s={search_term_string}"},"query-input":{"@type":"PropertyValueSpecification","valueRequired":true,"valueName":"search_term_string"}}],"inLanguage":"en-US"}]}},"_links":{"self":[{"href":"https:\/\/www.stg.openenglish.com\/blog\/mejorescursos\/wp-json\/wp\/v2\/pages\/49","targetHints":{"allow":["GET"]}}],"collection":[{"href":"https:\/\/www.stg.openenglish.com\/blog\/mejorescursos\/wp-json\/wp\/v2\/pages"}],"about":[{"href":"https:\/\/www.stg.openenglish.com\/blog\/mejorescursos\/wp-json\/wp\/v2\/types\/page"}],"author":[{"embeddable":true,"href":"https:\/\/www.stg.openenglish.com\/blog\/mejorescursos\/wp-json\/wp\/v2\/users\/27"}],"replies":[{"embeddable":true,"href":"https:\/\/www.stg.openenglish.com\/blog\/mejorescursos\/wp-json\/wp\/v2\/comments?post=49"}],"version-history":[{"count":0,"href":"https:\/\/www.stg.openenglish.com\/blog\/mejorescursos\/wp-json\/wp\/v2\/pages\/49\/revisions"}],"wp:attachment":[{"href":"https:\/\/www.stg.openenglish.com\/blog\/mejorescursos\/wp-json\/wp\/v2\/media?parent=49"}],"curies":[{"name":"wp","href":"https:\/\/api.w.org\/{rel}","templated":true}]}}