{"id":28,"date":"2024-07-31T19:51:43","date_gmt":"2024-07-31T19:51:43","guid":{"rendered":"https:\/\/mejorescursstg.wpenginepowered.com\/?page_id=28"},"modified":"2024-07-31T19:51:43","modified_gmt":"2024-07-31T19:51:43","slug":"open-english","status":"publish","type":"page","link":"https:\/\/www.stg.openenglish.com\/blog\/mejorescursos\/open-english\/","title":{"rendered":"Open English"},"content":{"rendered":"\n<h1>Curso de ingl\u00e9s de Open English<\/h1>\n\n<p>Creada por Andr\u00e9s Moreno, CEO de Open English, esta empresa se ha convertido en una excelente opci\u00f3n de aprendizaje para quienes desean mejorar sus habilidades en ingl\u00e9s. Con m\u00e1s de 2 millones de estudiantes, esta plataforma ofrece una manera efectiva, f\u00e1cil y r\u00e1pida de avanzar en el aprendizaje de ingl\u00e9s, permiti\u00e9ndote dominar el idioma desde la comodidad de tu hogar y a tu propio ritmo.<\/p>\n\n<a class=\"--btn-yellow OpenEnglishBTN\" href=\"https:\/\/www.openenglish.com\/curso\/\">Ver Curso<\/a>\n\n<h2>Caracter\u00edsticas de Open English<\/h2>\n\n<p>El curso de ingl\u00e9s online de Open English es una de las mejores opciones para aprender ingl\u00e9s en Latinoam\u00e9rica y Estados Unidos. Dentro de las caracter\u00edsticas m\u00e1s importantes que este curso te ofrece, podemos mencionar:<\/p>\n<ul class=\"--list-oe\">\n    <li><strong>Profesores Nativos y Biling\u00fces:<\/strong> Una de las ventajas de \u00e9sta plataforma es que, en los primeros niveles especialmente, tienes la opci\u00f3n de elegir entre tomar clases online en vivo con profesores nativos o profesores biling\u00fces. Esto con la idea de que te sientas m\u00e1s c\u00f3modo al momento participar en las clases y ganar confianza al empezar a hablar ingl\u00e9s.<\/li>\n    <li><strong>Clases de ingl\u00e9s ilimitadas:<\/strong> Al inscribirte en el curso de Open English tendr\u00e1s acceso a clases de ingl\u00e9s en vivo ilimitadas. Estas clases de ingl\u00e9s online tienen una duraci\u00f3n de 30 minutos y est\u00e1n enfocadas en ayudarte a practicar tu conversaci\u00f3n y pronunciaci\u00f3n. Son moderadas por un profesor nativo y el formato es grupal, con m\u00e1ximo 8 estudiantes para que tengas oportunidad de practicar.<\/li>\n    <li><strong>Clases individuales:<\/strong> Otra de las ventajas que te ofrece Open English es que, en caso de que necesites avanzar de forma m\u00e1s intensiva, puedes contratar adicionalmente clases particulares. En estas clases privadas tu y tu profesor practicar\u00e1n sobre temas espec\u00edficos de tu inter\u00e9s para ayudarte a avanzar m\u00e1s r\u00e1pido. Vale la pena mencionar que estas clases tienen un costo adicional y puedes contratar paquetes por mes.<\/li>\n    <li><strong>Herramientas de pr\u00e1ctica ilimitada:<\/strong> La plataforma online de Open English es muy completa y te ofrece varias herramientas interactivas para que puedas practicar de forma ilimitada. Por ejemplo, tendr\u00e1s acceso a un traductor de ingl\u00e9s, herramientas de reconocimiento de voz con IA para mejorar tu pronunciaci\u00f3n, as\u00ed como una amplia variedad de lecciones interactivas de listening y reading, de acuerdo a tu nivel de ingl\u00e9s.<\/li>\n    <li><strong>Tutora AI Jenny:<\/strong> Una de las caracter\u00edsticas m\u00e1s nuevas que ofrece Open English a sus estudiantes es la posibilidad de interactuar con Jenny de California. Se trata de una tutora de inteligencia artificial que te brinda acompa\u00f1amiento educativo en todo momento y que te ayuda experimentar un proceso de aprendizaje personalizado.<\/li>\n    <li><strong>Certificado por nivel:<\/strong> Conforme completes cada uno de los 8 niveles del curso de Open English, recibir\u00e1s un certificado de completaci\u00f3n, para avalar que aprobaste satisfactoriamente el nivel.<\/li>\n    <li><strong>Plataforma disponible 24\/7:<\/strong> La plataforma educativa de Open English est\u00e1 disponible las 24 horas los 7 d\u00edas a la semana. Tambi\u00e9n las clases en vivo est\u00e1n disponibles cada 30 minutos. Esto facilita que puedas estudiar en el horario que m\u00e1s te convenga, haciendo que tu experiencia de aprendizaje sea mucho m\u00e1s flexible.<\/li>\n    <li><strong>Aplicaci\u00f3n para estudiantes:<\/strong> Todos los estudiantes tienen la oportunidad de descargar la app para aprender ingl\u00e9s. Con ella podr\u00e1s continuar estudiando desde cualquier lugar siempre y cuando tengas conexi\u00f3n a internet. Si no eres estudiante de Open English, a\u00fan tienes la posibilidad de descargarla en tu dispositivo m\u00f3vil y probarla completamente gratis por hasta 24 horas para que conozcas todas \u00e9stas caracter\u00edsticas de la plataforma.<\/li>\n<\/ul>\n\n<a class=\"--btn-yellow OEComofuncionaBTN\" href=\"https:\/\/www.openenglish.com\/como-funciona\/\">\u00bfC\u00f3mo funciona Open English?<\/a>\n\n<h2>Metodolog\u00eda Open English<\/h2>\n\n<p>Open English ha ido perfeccionando su metodolog\u00eda de ense\u00f1anza por m\u00e1s de 15 a\u00f1os, desde que se cre\u00f3 la empresa. El m\u00e9todo se enfoca en hacer del aprendizaje del ingl\u00e9s un proceso din\u00e1mico y social; para ello se basa principalmente en:<\/p>\n<ul class=\"--list-oe\">\n    <li><strong>Clases de ingl\u00e9s en vivo con profesores nativos:<\/strong> Las cu\u00e1les est\u00e1n dise\u00f1adas para brindar una experiencia de aprendizaje inmersiva, enfocada en estimular la conversaci\u00f3n y pronunciaci\u00f3n del ingl\u00e9s americano en un ambiente relajado, divertido y controlado. Esto te ayudar\u00e1 a ganar confianza al momento de empezar a hablar el idioma y mejorar tu fluidez.<\/li>\n    <li><strong>Pr\u00e1ctica constante:<\/strong> Al estudiar un idioma la pr\u00e1ctica y repetici\u00f3n constante es imprescindible. Es por ello que Open English te da la oportunidad de tomar clases ilimitadas (cada 30 minutos) y acceder a todas las herramientas interactivas y materiales did\u00e1cticos de alta calidad para que puedas practicar cuantas veces lo necesites.<\/li>\n    <li><strong>Plan de estudio personalizado:<\/strong> Conforme vayas aprendiendo el idioma, la plataforma de aprendizaje ir\u00e1 adaptando los materiales de estudio y las lecciones de forma incremental para que puedas ir progresando en el dominio y conocimiento del idioma.<\/li>\n    <li><strong>Seguimiento personalizado:<\/strong> Para ayudarte a mantener la motivaci\u00f3n y constancia durante tu proceso de aprendizaje, Open English ha incorporado en su programa herramientas de seguimiento a tu progreso. As\u00ed si en alg\u00fan momento se te olvida acceder a tus lecciones o clases en vivo por cierto tiempo, la plataforma te avisar\u00e1 y te contactar\u00e1 v\u00eda Whatsapp para recordarte y animarte a continuar con tus clases.<\/li>\n<\/ul>\n\n<a class=\"--btn-yellow OETestBTN\" href=\"https:\/\/www.openenglish.com\/test-de-ingles\/\">\u00a1Test de ingl\u00e9s Gratis!<\/a>\n\n<h2>Niveles de Open English<\/h2>\n\n<p>El curso de ingl\u00e9s de Open English est\u00e1 estructurado en 8 niveles, y se basa en el modelo del Marco Com\u00fan Europeo de Referencia para las Lenguas.<\/p>\n<ul class=\"--list-oe\">\n    <li>Los m\u00f3dulos de cada uno de \u00e9stos niveles, desde el b\u00e1sico hasta el avanzado, est\u00e1n dise\u00f1ados por expertos en la ense\u00f1anza del idioma ingl\u00e9s y est\u00e1n enfocados en ayudarte a desarrollar diversas habilidades ling\u00fc\u00edsticas, como la expresi\u00f3n y comprensi\u00f3n oral, la comprensi\u00f3n auditiva y la comprensi\u00f3n de textos.<\/li>\n    <li>A medida que avanzas, cada nivel te presentar\u00e1 objetivos de aprendizaje espec\u00edficos para garantizar un progreso constante, as\u00ed podr\u00e1s dominar el idioma ingl\u00e9s de manera gradual y efectiva.<\/li>\n    <li>Al completar cada nivel, y aprobar el examen de ingl\u00e9s correspondiente, obtendr\u00e1s un certificado de finalizaci\u00f3n que avala tu dominio sobre ese nivel en particular. As\u00ed tambi\u00e9n podr\u00e1s asegurarte de que est\u00e1s alcanzando los objetivos propuestos.<\/li>\n    <li>Una caracter\u00edstica importante del programa es que, al inscribirte en el curso, deber\u00e1s presentar un examen de nivelaci\u00f3n de ingl\u00e9s. Dependiendo de tus resultados, la plataforma te colocar\u00e1 en el nivel adecuado para que a partir de ah\u00ed comiences tu proceso de aprendizaje del idioma, junto con otras personas que est\u00e9n en un nivel similar al tuyo.<\/li>\n<\/ul>\n\n<a class=\"--btn-yellow OECursosBTN\" href=\"https:\/\/www.openenglish.com\/cursos-de-ingles\/\">Cursos de ingl\u00e9s de Open English<\/a>\n\n<h2>Oferta de Cursos de Ingl\u00e9s de Open English<\/h2>\n\n<p>Open English ofrece una amplia variedad de cursos de ingl\u00e9s online adaptados a diferentes audiencias. Entre la oferta actual de cursos online que ofrece podr\u00e1s encontrar:<\/p>\n<ul class=\"--list-oe\">\n    <li><strong>Open English:<\/strong> Es el curso de ingl\u00e9s para adultos e incluye todas las caracter\u00edsticas que te hemos mencionado anteriormente. Adicionalmente, este curso incluye clases especializadas en 15 \u00e1reas del ingl\u00e9s, abordando temas espec\u00edficos para distintas industrias como marketing, turismo e ingenier\u00eda. Esto es de gran utilidad para aprender vocabulario y expresiones idiom\u00e1ticas \u00fatiles en el ambiente laboral en la industria en la que te encuentres.<\/li>\n    <li><strong>Open English Junior:<\/strong> Se trata de un programa dise\u00f1ado espec\u00edficamente para ni\u00f1os de 8 a 14 a\u00f1os. Una de las caracter\u00edsticas m\u00e1s importantes de \u00e9ste programa es que le permite a los padres monitorear el avance y progreso de sus hijos gracias a reportes detallados que son enviados tanto por los profesores como por la plataforma.<\/li>\n    <li><strong>Open English Business:<\/strong> Esta es la soluci\u00f3n empresarial de Open English, la cual ofrece cursos de ingl\u00e9s para empresas tanto de Latinoam\u00e9rica como de Estados Unidos. \u00c9stos cursos son personalizados de acuerdo a las necesidades de las empresas y una de sus caracter\u00edsticas m\u00e1s importantes es que permite a los empleadores monitorear a detalle el progreso de sus colaboradores.<\/li>\n    <li><strong>Clases de ingl\u00e9s gratis:<\/strong> Una ventaja de Open English es que no necesariamente necesitas ser estudiante para aprender el idioma. Gracias a todo el contenido que publican en redes sociales y en su blog, tendr\u00e1s acceso a materiales educativos que te permitir\u00e1n aprender lo b\u00e1sico del idioma.<\/li>\n<\/ul>\n\n<a class=\"--btn-yellow OEInglesGratisBTN\" href=\"https:\/\/www.openenglish.com\/clases-de-ingles-gratis\/\">Clases de Ingl\u00e9s Gratis<\/a>\n\n<h2>Promociones de Open English<\/h2>\n\n<p>Open English a menudo realiza promociones especiales que ofrecen descuentos sustanciales en sus cursos. Los detalles espec\u00edficos de estos descuentos especiales y promociones se actualizan frecuentemente en su sitio web.<\/p>\n\n<a class=\"--btn-yellow OEPromocionesBTN\" href=\"https:\/\/www.openenglish.com\/promociones\/\">Ver Promociones de Open English<\/a>\n\n<h2>Precios de Open English<\/h2>\n\n<p>Open English es una empresa con presencia nivel mundial y debido a esto no tienen un precio fijo establecido. El precio del curso de ingl\u00e9s de Open English se determina tomando en cuenta diversos factores como:<\/p>\n<ul class=\"--list-oe\">\n    <li><strong>El pa\u00eds de residencia de estudiante:<\/strong> Ya que adaptan los precios en funci\u00f3n de la moneda local del pa\u00eds para ofrecer as\u00ed planes accesibles.<\/li>\n    <li><strong>Plan Contratado:<\/strong> Existen diversos planes que puedes contratar. Por ejemplo, al inscribirte en el curso podr\u00e1s tambi\u00e9n contratar clases particulares de forma adicional. Para ello puedes elegir entre un paquete de 4, 6 o un n\u00famero ilimitado de clases particulares por mes, y esto modifica el precio que deber\u00e1s pagar por tu curso.<\/li>\n    <li><strong>Promociones y descuentos:<\/strong> Open English constantemente tiene diversas promociones tanto a nivel global como a nivel regional, por ello, dependiendo de la promoci\u00f3n que est\u00e9 vigente cuando te inscribas, el precio final puede variar.<\/li>\n    <li><strong>M\u00e9todos de Pago:<\/strong> Esto tambi\u00e9n puede impactar en el precio final ya que depender\u00e1 de si contratas tu curso en un s\u00f3lo pago, en parcialidades o si tu tarjeta o m\u00e9todo de pago tienen promociones con meses sin intereses.<\/li>\n    <li><strong>Planes de Suscripci\u00f3n:<\/strong> De igual forma, el precio puede variar por el plan que elijas y c\u00f3mo pagarlo, ya sea en plan anual, plan trimestral o plan mensual.<\/li>\n<\/ul>\n<p>Para tener una idea m\u00e1s clara de cu\u00e1nto ser\u00eda el precio aproximado que deber\u00e1s pagar por tu curso, lo m\u00e1s recomendable es llenar el formulario en el sitio, incluyendo tu correo electr\u00f3nico para que un asesor te llame y pueda darte un precio personalizado, considerando las opciones de pago disponibles.<\/p>\n\n<a class=\"--btn-yellow OEPreciosBTN\" href=\"https:\/\/www.openenglish.com\/planes-y-precios\/\">Ver Precios de Open English<\/a>\n\n<h2>Opiniones de Open English<\/h2>\n\n<p>La mayor\u00eda de los estudiantes mencionan que les gusta estudiar en Open English debido a su plataforma virtual interactiva, que les permite participar en clases en vivo, las cuales son clases din\u00e1micas y les brindan la flexibilidad en su horario de estudio.<\/p>\n<p>Aprecian la posibilidad de practicar el ingl\u00e9s con profesores nativos y la oportunidad de interactuar con personas de otros pa\u00edses, lo cual fomenta una comunidad de aprendizaje enriquecedora.<\/p>\n<p>Adem\u00e1s, destacan que el curso les ha ayudado a mejorar su fluidez en el idioma, ampliar su vocabulario y ganar confianza al hablar en ingl\u00e9s gracias a un aprendizaje efectivo.<\/p>\n<p>Sin embargo, tambi\u00e9n se mencionan algunos aspectos a mejorar, como problemas t\u00e9cnicos en la aplicaci\u00f3n m\u00f3vil, la cancelaci\u00f3n de suscripci\u00f3n que no siempre es intuitiva, y la falta de fundamentos b\u00e1sicos de gram\u00e1tica para principiantes.<\/p>\n<p>A pesar de estos desaf\u00edos, muchos consideran que las clases en vivo son muy valiosas para el desarrollo de habilidades ling\u00fc\u00edsticas, y a menudo describen las sesiones como clases divertidas.<\/p>\n<p>Los estudiantes tambi\u00e9n valoran la atenci\u00f3n al cliente que reciben al necesitar asistencia.<\/p>\n","protected":false},"excerpt":{"rendered":"<p>Curso de ingl\u00e9s de Open English Creada por Andr\u00e9s Moreno, CEO de Open English, esta empresa se ha convertido en una excelente opci\u00f3n de aprendizaje para quienes desean mejorar sus habilidades en ingl\u00e9s. Con m\u00e1s de 2 millones de estudiantes, esta plataforma ofrece una manera efectiva, f\u00e1cil y r\u00e1pida de avanzar en el aprendizaje de [&hellip;]<\/p>\n","protected":false},"author":27,"featured_media":0,"parent":0,"menu_order":1,"comment_status":"closed","ping_status":"closed","template":"","meta":{"_acf_changed":false,"_lmt_disableupdate":"","_lmt_disable":"","footnotes":""},"class_list":["post-28","page","type-page","status-publish","hentry"],"acf":[],"yoast_head":"<!-- This site is optimized with the Yoast SEO plugin v25.9 - https:\/\/yoast.com\/wordpress\/plugins\/seo\/ -->\n<title>Curso de ingl\u00e9s de Open English | Mejores Cursos de Ingl\u00e9s<\/title>\n<meta name=\"description\" content=\"El curso de ingl\u00e9s online de Open English es uno de los m\u00e1s reconocidos en el mercado. Su m\u00e9todo ha sido probado satisfactoriamente por m\u00e1s de 3 millones de estudiantes.\" \/>\n<meta name=\"robots\" content=\"noindex, follow, max-snippet:-1, max-image-preview:large, max-video-preview:-1\" \/>\n<meta property=\"og:locale\" content=\"en_US\" \/>\n<meta property=\"og:type\" content=\"article\" \/>\n<meta property=\"og:title\" content=\"Curso de ingl\u00e9s de Open English | Mejores Cursos de Ingl\u00e9s\" \/>\n<meta property=\"og:description\" content=\"El curso de ingl\u00e9s online de Open English es uno de los m\u00e1s reconocidos en el mercado. Su m\u00e9todo ha sido probado satisfactoriamente por m\u00e1s de 3 millones de estudiantes.\" \/>\n<meta property=\"og:url\" content=\"https:\/\/www.mejores-cursos-de-ingles.com\/open-english\/\" \/>\n<meta property=\"og:site_name\" content=\"Mejores Cursos\" \/>\n<meta name=\"twitter:card\" content=\"summary_large_image\" \/>\n<meta name=\"twitter:label1\" content=\"Est. reading time\" \/>\n\t<meta name=\"twitter:data1\" content=\"8 minutes\" \/>\n<script type=\"application\/ld+json\" class=\"yoast-schema-graph\">{\"@context\":\"https:\/\/schema.org\",\"@graph\":[{\"@type\":\"WebPage\",\"@id\":\"https:\/\/www.stg.openenglish.com\/blog\/mejorescursos\/open-english\/\",\"url\":\"https:\/\/www.mejores-cursos-de-ingles.com\/open-english\/\",\"name\":\"Curso de ingl\u00e9s de Open English | Mejores Cursos de Ingl\u00e9s\",\"isPartOf\":{\"@id\":\"https:\/\/www.stg.openenglish.com\/blog\/mejorescursos\/#website\"},\"datePublished\":\"2024-07-31T19:51:43+00:00\",\"description\":\"El curso de ingl\u00e9s online de Open English es uno de los m\u00e1s reconocidos en el mercado. Su m\u00e9todo ha sido probado satisfactoriamente por m\u00e1s de 3 millones de estudiantes.\",\"breadcrumb\":{\"@id\":\"https:\/\/www.mejores-cursos-de-ingles.com\/open-english\/#breadcrumb\"},\"inLanguage\":\"en-US\",\"potentialAction\":[{\"@type\":\"ReadAction\",\"target\":[\"https:\/\/www.mejores-cursos-de-ingles.com\/open-english\/\"]}]},{\"@type\":\"BreadcrumbList\",\"@id\":\"https:\/\/www.mejores-cursos-de-ingles.com\/open-english\/#breadcrumb\",\"itemListElement\":[{\"@type\":\"ListItem\",\"position\":1,\"name\":\"Home\",\"item\":\"https:\/\/www.stg.openenglish.com\/blog\/mejorescursos\/\"},{\"@type\":\"ListItem\",\"position\":2,\"name\":\"Open English\"}]},{\"@type\":\"WebSite\",\"@id\":\"https:\/\/www.stg.openenglish.com\/blog\/mejorescursos\/#website\",\"url\":\"https:\/\/www.stg.openenglish.com\/blog\/mejorescursos\/\",\"name\":\"Mejores Cursos\",\"description\":\"\",\"potentialAction\":[{\"@type\":\"SearchAction\",\"target\":{\"@type\":\"EntryPoint\",\"urlTemplate\":\"https:\/\/www.stg.openenglish.com\/blog\/mejorescursos\/?s={search_term_string}\"},\"query-input\":{\"@type\":\"PropertyValueSpecification\",\"valueRequired\":true,\"valueName\":\"search_term_string\"}}],\"inLanguage\":\"en-US\"}]}<\/script>\n<!-- \/ Yoast SEO plugin. -->","yoast_head_json":{"title":"Curso de ingl\u00e9s de Open English | Mejores Cursos de Ingl\u00e9s","description":"El curso de ingl\u00e9s online de Open English es uno de los m\u00e1s reconocidos en el mercado. Su m\u00e9todo ha sido probado satisfactoriamente por m\u00e1s de 3 millones de estudiantes.","robots":{"index":"noindex","follow":"follow","max-snippet":"max-snippet:-1","max-image-preview":"max-image-preview:large","max-video-preview":"max-video-preview:-1"},"og_locale":"en_US","og_type":"article","og_title":"Curso de ingl\u00e9s de Open English | Mejores Cursos de Ingl\u00e9s","og_description":"El curso de ingl\u00e9s online de Open English es uno de los m\u00e1s reconocidos en el mercado. Su m\u00e9todo ha sido probado satisfactoriamente por m\u00e1s de 3 millones de estudiantes.","og_url":"https:\/\/www.mejores-cursos-de-ingles.com\/open-english\/","og_site_name":"Mejores Cursos","twitter_card":"summary_large_image","twitter_misc":{"Est. reading time":"8 minutes"},"schema":{"@context":"https:\/\/schema.org","@graph":[{"@type":"WebPage","@id":"https:\/\/www.stg.openenglish.com\/blog\/mejorescursos\/open-english\/","url":"https:\/\/www.mejores-cursos-de-ingles.com\/open-english\/","name":"Curso de ingl\u00e9s de Open English | Mejores Cursos de Ingl\u00e9s","isPartOf":{"@id":"https:\/\/www.stg.openenglish.com\/blog\/mejorescursos\/#website"},"datePublished":"2024-07-31T19:51:43+00:00","description":"El curso de ingl\u00e9s online de Open English es uno de los m\u00e1s reconocidos en el mercado. Su m\u00e9todo ha sido probado satisfactoriamente por m\u00e1s de 3 millones de estudiantes.","breadcrumb":{"@id":"https:\/\/www.mejores-cursos-de-ingles.com\/open-english\/#breadcrumb"},"inLanguage":"en-US","potentialAction":[{"@type":"ReadAction","target":["https:\/\/www.mejores-cursos-de-ingles.com\/open-english\/"]}]},{"@type":"BreadcrumbList","@id":"https:\/\/www.mejores-cursos-de-ingles.com\/open-english\/#breadcrumb","itemListElement":[{"@type":"ListItem","position":1,"name":"Home","item":"https:\/\/www.stg.openenglish.com\/blog\/mejorescursos\/"},{"@type":"ListItem","position":2,"name":"Open English"}]},{"@type":"WebSite","@id":"https:\/\/www.stg.openenglish.com\/blog\/mejorescursos\/#website","url":"https:\/\/www.stg.openenglish.com\/blog\/mejorescursos\/","name":"Mejores Cursos","description":"","potentialAction":[{"@type":"SearchAction","target":{"@type":"EntryPoint","urlTemplate":"https:\/\/www.stg.openenglish.com\/blog\/mejorescursos\/?s={search_term_string}"},"query-input":{"@type":"PropertyValueSpecification","valueRequired":true,"valueName":"search_term_string"}}],"inLanguage":"en-US"}]}},"_links":{"self":[{"href":"https:\/\/www.stg.openenglish.com\/blog\/mejorescursos\/wp-json\/wp\/v2\/pages\/28","targetHints":{"allow":["GET"]}}],"collection":[{"href":"https:\/\/www.stg.openenglish.com\/blog\/mejorescursos\/wp-json\/wp\/v2\/pages"}],"about":[{"href":"https:\/\/www.stg.openenglish.com\/blog\/mejorescursos\/wp-json\/wp\/v2\/types\/page"}],"author":[{"embeddable":true,"href":"https:\/\/www.stg.openenglish.com\/blog\/mejorescursos\/wp-json\/wp\/v2\/users\/27"}],"replies":[{"embeddable":true,"href":"https:\/\/www.stg.openenglish.com\/blog\/mejorescursos\/wp-json\/wp\/v2\/comments?post=28"}],"version-history":[{"count":1,"href":"https:\/\/www.stg.openenglish.com\/blog\/mejorescursos\/wp-json\/wp\/v2\/pages\/28\/revisions"}],"predecessor-version":[{"id":651,"href":"https:\/\/www.stg.openenglish.com\/blog\/mejorescursos\/wp-json\/wp\/v2\/pages\/28\/revisions\/651"}],"wp:attachment":[{"href":"https:\/\/www.stg.openenglish.com\/blog\/mejorescursos\/wp-json\/wp\/v2\/media?parent=28"}],"curies":[{"name":"wp","href":"https:\/\/api.w.org\/{rel}","templated":true}]}}