{"id":173,"date":"2024-08-02T13:26:17","date_gmt":"2024-08-02T13:26:17","guid":{"rendered":"https:\/\/mejorescursstg.wpenginepowered.com\/?page_id=173"},"modified":"2024-08-02T13:26:17","modified_gmt":"2024-08-02T13:26:17","slug":"politica-de-privacidad","status":"publish","type":"page","link":"https:\/\/www.stg.openenglish.com\/blog\/mejorescursos\/politica-de-privacidad\/","title":{"rendered":"Pol\u00edtica de Privacidad"},"content":{"rendered":"\n<p>La presente Pol\u00edtica de Privacidad aclara que hacemos con la informaci\u00f3n que se llegase a recolectar. No recopilaremos ni almacenamos informaci\u00f3n o datos personales. Los servidores de nuestro sitio web detectan autom\u00e1ticamente cierta informaci\u00f3n sobre cada visitante del sitio, no almacenamos ninguno de esos datos en l\u00ednea ni los ponemos a su disposici\u00f3n. Nuestros servidores pueden detectar el nombre del dominio que visita, pero no detectar\u00e1n su direcci\u00f3n privada de correo electr\u00f3nico. La informaci\u00f3n que detecte el servidor se utilizar\u00e1 solo para asegurarnos de que los usuarios encuentran en nuestro sitio valiosa informaci\u00f3n y para garantizar que cada visitante tenga la mejor experiencia.<\/p>\n\n<h2>Cookies<\/h2>\n\n<p>Usamos cookies para ofrecerte una mejor experiencia con contenido personalizado, anuncios relevantes y mejora de funcionalidades. La informaci\u00f3n se utiliza para optimizar la experiencia de los usuarios al personalizar el contenido de nuestro sitio web seg\u00fan el tipo de navegador de los usuarios y\/u otra informaci\u00f3n. Recuerda que puedes administrar cookies cuando lo desees.<\/p>\n\n<h2>Nuestros Aliados<\/h2>\n\n<p>Algunos anunciantes en nuestro sitio pueden usar cookies, por lo que te invitamos a revisar sus Pol\u00edticas de Privacidad.<\/p>\n\n<h2>Informaci\u00f3n digital<\/h2>\n<p>La informaci\u00f3n digital y electr\u00f3nica que recogemos durante su visita es la misma que recogen otros sitios. Esto incluye c\u00f3mo conoci\u00f3 el sitio y si visit\u00f3 nuestro sitio desde una p\u00e1gina de referencia. Tambi\u00e9n sabemos qu\u00e9 tipo de navegador utiliz\u00f3 y algunos detalles b\u00e1sicos sobre la configuraci\u00f3n de su navegador, as\u00ed como su sistema operativo y direcci\u00f3n IP. Nuestro sitio puede utilizar ocasionalmente servicios y herramientas para analizar la informaci\u00f3n, que s\u00f3lo utilizamos para mejorar nuestro sitio web.<\/p>\n\n<h2>Contacto<\/h2>\n<p>Para cualquier duda relacionada con este sitio web puede ponerse en contacto a trav\u00e9s del correo: contacto@mejores-cursos-de-ingles.com<\/p>\n","protected":false},"excerpt":{"rendered":"<p>La presente Pol\u00edtica de Privacidad aclara que hacemos con la informaci\u00f3n que se llegase a recolectar. No recopilaremos ni almacenamos informaci\u00f3n o datos personales. Los servidores de nuestro sitio web detectan autom\u00e1ticamente cierta informaci\u00f3n sobre cada visitante del sitio, no almacenamos ninguno de esos datos en l\u00ednea ni los ponemos a su disposici\u00f3n. Nuestros servidores [&hellip;]<\/p>\n","protected":false},"author":27,"featured_media":0,"parent":0,"menu_order":0,"comment_status":"closed","ping_status":"closed","template":"","meta":{"_acf_changed":false,"_lmt_disableupdate":"","_lmt_disable":"","footnotes":""},"class_list":["post-173","page","type-page","status-publish","hentry"],"acf":[],"yoast_head":"<!-- This site is optimized with the Yoast SEO plugin v25.9 - https:\/\/yoast.com\/wordpress\/plugins\/seo\/ -->\n<title>Pol\u00edtica de Privacidad - Mejores Cursos<\/title>\n<meta name=\"robots\" content=\"noindex, follow, max-snippet:-1, max-image-preview:large, max-video-preview:-1\" \/>\n<meta property=\"og:locale\" content=\"en_US\" \/>\n<meta property=\"og:type\" content=\"article\" \/>\n<meta property=\"og:title\" content=\"Pol\u00edtica de Privacidad - Mejores Cursos\" \/>\n<meta property=\"og:description\" content=\"La presente Pol\u00edtica de Privacidad aclara que hacemos con la informaci\u00f3n que se llegase a recolectar. No recopilaremos ni almacenamos informaci\u00f3n o datos personales. Los servidores de nuestro sitio web detectan autom\u00e1ticamente cierta informaci\u00f3n sobre cada visitante del sitio, no almacenamos ninguno de esos datos en l\u00ednea ni los ponemos a su disposici\u00f3n. Nuestros servidores [&hellip;]\" \/>\n<meta property=\"og:url\" content=\"https:\/\/www.mejores-cursos-de-ingles.com\/politica-de-privacidad\/\" \/>\n<meta property=\"og:site_name\" content=\"Mejores Cursos\" \/>\n<meta name=\"twitter:card\" content=\"summary_large_image\" \/>\n<meta name=\"twitter:label1\" content=\"Est. reading time\" \/>\n\t<meta name=\"twitter:data1\" content=\"2 minutes\" \/>\n<script type=\"application\/ld+json\" class=\"yoast-schema-graph\">{\"@context\":\"https:\/\/schema.org\",\"@graph\":[{\"@type\":\"WebPage\",\"@id\":\"https:\/\/www.stg.openenglish.com\/blog\/mejorescursos\/politica-de-privacidad\/\",\"url\":\"https:\/\/www.mejores-cursos-de-ingles.com\/politica-de-privacidad\/\",\"name\":\"Pol\u00edtica de Privacidad - Mejores Cursos\",\"isPartOf\":{\"@id\":\"https:\/\/www.stg.openenglish.com\/blog\/mejorescursos\/#website\"},\"datePublished\":\"2024-08-02T13:26:17+00:00\",\"breadcrumb\":{\"@id\":\"https:\/\/www.mejores-cursos-de-ingles.com\/politica-de-privacidad\/#breadcrumb\"},\"inLanguage\":\"en-US\",\"potentialAction\":[{\"@type\":\"ReadAction\",\"target\":[\"https:\/\/www.mejores-cursos-de-ingles.com\/politica-de-privacidad\/\"]}]},{\"@type\":\"BreadcrumbList\",\"@id\":\"https:\/\/www.mejores-cursos-de-ingles.com\/politica-de-privacidad\/#breadcrumb\",\"itemListElement\":[{\"@type\":\"ListItem\",\"position\":1,\"name\":\"Home\",\"item\":\"https:\/\/www.stg.openenglish.com\/blog\/mejorescursos\/\"},{\"@type\":\"ListItem\",\"position\":2,\"name\":\"Pol\u00edtica de Privacidad\"}]},{\"@type\":\"WebSite\",\"@id\":\"https:\/\/www.stg.openenglish.com\/blog\/mejorescursos\/#website\",\"url\":\"https:\/\/www.stg.openenglish.com\/blog\/mejorescursos\/\",\"name\":\"Mejores Cursos\",\"description\":\"\",\"potentialAction\":[{\"@type\":\"SearchAction\",\"target\":{\"@type\":\"EntryPoint\",\"urlTemplate\":\"https:\/\/www.stg.openenglish.com\/blog\/mejorescursos\/?s={search_term_string}\"},\"query-input\":{\"@type\":\"PropertyValueSpecification\",\"valueRequired\":true,\"valueName\":\"search_term_string\"}}],\"inLanguage\":\"en-US\"}]}<\/script>\n<!-- \/ Yoast SEO plugin. -->","yoast_head_json":{"title":"Pol\u00edtica de Privacidad - Mejores Cursos","robots":{"index":"noindex","follow":"follow","max-snippet":"max-snippet:-1","max-image-preview":"max-image-preview:large","max-video-preview":"max-video-preview:-1"},"og_locale":"en_US","og_type":"article","og_title":"Pol\u00edtica de Privacidad - Mejores Cursos","og_description":"La presente Pol\u00edtica de Privacidad aclara que hacemos con la informaci\u00f3n que se llegase a recolectar. No recopilaremos ni almacenamos informaci\u00f3n o datos personales. Los servidores de nuestro sitio web detectan autom\u00e1ticamente cierta informaci\u00f3n sobre cada visitante del sitio, no almacenamos ninguno de esos datos en l\u00ednea ni los ponemos a su disposici\u00f3n. Nuestros servidores [&hellip;]","og_url":"https:\/\/www.mejores-cursos-de-ingles.com\/politica-de-privacidad\/","og_site_name":"Mejores Cursos","twitter_card":"summary_large_image","twitter_misc":{"Est. reading time":"2 minutes"},"schema":{"@context":"https:\/\/schema.org","@graph":[{"@type":"WebPage","@id":"https:\/\/www.stg.openenglish.com\/blog\/mejorescursos\/politica-de-privacidad\/","url":"https:\/\/www.mejores-cursos-de-ingles.com\/politica-de-privacidad\/","name":"Pol\u00edtica de Privacidad - Mejores Cursos","isPartOf":{"@id":"https:\/\/www.stg.openenglish.com\/blog\/mejorescursos\/#website"},"datePublished":"2024-08-02T13:26:17+00:00","breadcrumb":{"@id":"https:\/\/www.mejores-cursos-de-ingles.com\/politica-de-privacidad\/#breadcrumb"},"inLanguage":"en-US","potentialAction":[{"@type":"ReadAction","target":["https:\/\/www.mejores-cursos-de-ingles.com\/politica-de-privacidad\/"]}]},{"@type":"BreadcrumbList","@id":"https:\/\/www.mejores-cursos-de-ingles.com\/politica-de-privacidad\/#breadcrumb","itemListElement":[{"@type":"ListItem","position":1,"name":"Home","item":"https:\/\/www.stg.openenglish.com\/blog\/mejorescursos\/"},{"@type":"ListItem","position":2,"name":"Pol\u00edtica de Privacidad"}]},{"@type":"WebSite","@id":"https:\/\/www.stg.openenglish.com\/blog\/mejorescursos\/#website","url":"https:\/\/www.stg.openenglish.com\/blog\/mejorescursos\/","name":"Mejores Cursos","description":"","potentialAction":[{"@type":"SearchAction","target":{"@type":"EntryPoint","urlTemplate":"https:\/\/www.stg.openenglish.com\/blog\/mejorescursos\/?s={search_term_string}"},"query-input":{"@type":"PropertyValueSpecification","valueRequired":true,"valueName":"search_term_string"}}],"inLanguage":"en-US"}]}},"_links":{"self":[{"href":"https:\/\/www.stg.openenglish.com\/blog\/mejorescursos\/wp-json\/wp\/v2\/pages\/173","targetHints":{"allow":["GET"]}}],"collection":[{"href":"https:\/\/www.stg.openenglish.com\/blog\/mejorescursos\/wp-json\/wp\/v2\/pages"}],"about":[{"href":"https:\/\/www.stg.openenglish.com\/blog\/mejorescursos\/wp-json\/wp\/v2\/types\/page"}],"author":[{"embeddable":true,"href":"https:\/\/www.stg.openenglish.com\/blog\/mejorescursos\/wp-json\/wp\/v2\/users\/27"}],"replies":[{"embeddable":true,"href":"https:\/\/www.stg.openenglish.com\/blog\/mejorescursos\/wp-json\/wp\/v2\/comments?post=173"}],"version-history":[{"count":0,"href":"https:\/\/www.stg.openenglish.com\/blog\/mejorescursos\/wp-json\/wp\/v2\/pages\/173\/revisions"}],"wp:attachment":[{"href":"https:\/\/www.stg.openenglish.com\/blog\/mejorescursos\/wp-json\/wp\/v2\/media?parent=173"}],"curies":[{"name":"wp","href":"https:\/\/api.w.org\/{rel}","templated":true}]}}