{"id":87,"date":"2025-12-19T19:40:36","date_gmt":"2025-12-19T19:40:36","guid":{"rendered":"https:\/\/www.stg.openenglish.com\/blog\/eniyiingilizceplatformu\/?page_id=87"},"modified":"2025-12-24T18:42:59","modified_gmt":"2025-12-24T18:42:59","slug":"preply","status":"publish","type":"page","link":"https:\/\/www.stg.openenglish.com\/blog\/eniyiingilizceplatformu\/preply\/","title":{"rendered":"Preply"},"content":{"rendered":"\n<h1>Preply Online \u0130ngilizce Kursu<\/h1>\n<h2>Preply \u00d6zellikleri<\/h2>\n<p>Preply, dil \u00f6\u011frenmeyi hedefleyen herkes i\u00e7in geni\u015f bir e\u011fitmen havuzu sunan online \u0130ngilizce platformu olarak bire bir ve grup dersleri sunuyor.  Platformda d\u00fcnyan\u0131n d\u00f6rt bir yan\u0131ndan ana dili \u0130ngilizce veya iki dilli e\u011fitmenler yer al\u0131yor ve \u00f6\u011frenciler b\u00fct\u00e7e, saat dilimi, aksan gibi kriterlere g\u00f6re filtreleme yaparak kendilerine uygun bir e\u011fitmenle online \u0130ngilizce dersi almaya ba\u015fl\u0131yor. Mobil \u0130ngilizce uygulamas\u0131 ve web platformu \u00fczerinden eri\u015fim sa\u011flan\u0131yor; ders sonras\u0131 \u00f6zet, kelime al\u0131\u015ft\u0131rmalar\u0131 gibi destek ara\u00e7lar\u0131 da i\u00e7eriyor. <\/p>\n<h2>Preply Metodolojisi<\/h2>\n<p>Preply\u2019nin yakla\u015f\u0131m\u0131, \u00f6\u011frencinin hedeflerine ve \u00f6\u011frenme stiline g\u00f6re \u015fekilleniyor. Platformda ilk olarak deneme dersi al\u0131yor, e\u011fitmenle birlikte \u00f6\u011frenme plan\u0131 olu\u015fturuluyor. Dersler \u00e7o\u011funlukla \u201c\u0130ngilizce konu\u015fmak\u201d \u00fczerine yo\u011funla\u015f\u0131yor ve konu\u015fma prati\u011fi erken a\u015famada devreye giriyor. Platform, konu\u015fma prati\u011fine erken ba\u015flama, etkile\u015fimli oturumlar, anl\u0131k d\u00fczeltme ve ki\u015fisel destek ile \u201c\u0130ngilizce konu\u015fma\u201d ve dil becerilerinin geli\u015fimini hedefliyor.<\/p>\n<h2>Preply \u0130ngilizce Seviyeleri<\/h2>\n<p>Preply, resmi bir CEFR d\u00fczene\u011fine s\u0131k\u0131 s\u0131k\u0131ya ba\u011fl\u0131 bir seviye sistemi sunmasa da, ba\u015flang\u0131\u00e7tan ileri d\u00fczeye kadar her \u00f6\u011frenciye hitap eden bir yap\u0131da. \u00d6\u011frenciler, kendi mevcut d\u00fczeylerini ve hedeflerini e\u011fitmenle birlikte belirleyerek \u00f6\u011frenme s\u00fcrecine ba\u015fl\u0131yorlar. Sistemin esnekli\u011fi sayesinde, konu\u015fma, i\u015f \u0130ngilizcesi ya da s\u0131nav haz\u0131rl\u0131\u011f\u0131 gibi y\u00f6nelimlerle ilerlemek m\u00fcmk\u00fcn oluyor.<\/p>\n<h2>Preply \u0130ngilizce Kursu Se\u00e7enekleri<\/h2>\n<p>Preply, \u00f6\u011frencilerin kendi tempolar\u0131na g\u00f6re ilerleyebilmeleri i\u00e7in abonelik sistemiyle \u00e7al\u0131\u015f\u0131yor. Deneme dersinden sonra \u00f6\u011frenci, haftada ka\u00e7 kez ders almak istedi\u011fini se\u00e7iyor ve buna g\u00f6re ki\u015fisel bir online \u0130ngilizce kursu plan\u0131 olu\u015fturuluyor. Genellikle haftada 1 ila 5 ders aras\u0131nda se\u00e7im yap\u0131labiliyor. Abonelikler 28 g\u00fcnl\u00fck d\u00f6nemler halinde yenileniyor ve ders say\u0131s\u0131na g\u00f6re fiyatlar de\u011fi\u015fiyor. \u00d6\u011frenciler, istedikleri zaman planlar\u0131n\u0131 duraklatabiliyor, ders say\u0131s\u0131n\u0131 de\u011fi\u015ftirebiliyor veya aboneliklerini iptal edebiliyor. Bu sistem, Preply\u2019nin hem esnek hem de ki\u015fiselle\u015ftirilebilir bir \u00f6\u011frenme modeli sunmas\u0131n\u0131 sa\u011fl\u0131yor.<\/p>\n<h2>Preply \u0130ndirim Kampanyalar\u0131<\/h2>\n<p>Preply, platforma yeni ba\u015flayan kullan\u0131c\u0131lar i\u00e7in davet sistemi arac\u0131l\u0131\u011f\u0131yla \u00f6zel indirimler sunuyor. Bir kullan\u0131c\u0131, davet ba\u011flant\u0131s\u0131 ile yeni bir \u00f6\u011frenci getirirse, davet edilen ki\u015fi ilk dersi i\u00e7in y\u00fcksek oranda indirim alabiliyor ve davet eden kullan\u0131c\u0131 da avantajlara eri\u015fiyor. Ayr\u0131ca \u00fcniversite \u00f6\u011frencilerine e\u011fitim mailiyle %15\u2019e varan indirim imk\u00e2n\u0131 tan\u0131n\u0131yor. Kampanyalar d\u00f6nemsel olarak de\u011fi\u015fiklik g\u00f6sterebildi\u011fi i\u00e7in, en g\u00fcncel f\u0131rsatlar Preply\u2019nin resmi web sitesi \u00fczerinden takip edilebiliyor.<\/p>\n<h2>Preply: Fiyatlar<\/h2>\n<p>Preply\u2019de fiyatlar, abonelik t\u00fcr\u00fcne g\u00f6re de\u011fil; se\u00e7ti\u011finiz e\u011fitmen ve haftal\u0131k ders say\u0131n\u0131z temel al\u0131narak ayarland\u0131\u011f\u0131 i\u00e7in esnek ve ki\u015fiye \u00f6zel bir model sunuluyor. Yani, herkese ayn\u0131 \u00fccret modeli yok. \u00d6\u011frenci olarak ilk ad\u0131mda haftada ka\u00e7 \u0130ngilizce dersi almak istedi\u011finizi belirliyor ve bu \u00e7er\u00e7evede bir online \u0130ngilizce kursu plan\u0131na dahil oluyorsunuz. E\u011fitmenlerin saatlik \u00fccretleri de\u011fi\u015fken oldu\u011fu i\u00e7in ayl\u0131k toplam tutar da bu de\u011fi\u015fkene g\u00f6re olu\u015fuyor. Preply, yerel para birimiyle fiyatland\u0131rma yap\u0131yor ve \u00f6deme a\u015famas\u0131nda T\u00fcrk Liras\u0131 olarak g\u00f6r\u00fcnt\u00fcleme sa\u011fl\u0131yor. Se\u00e7ti\u011finiz e\u011fitmenin saatlik \u00fccretini TRY olarak g\u00f6r\u00fcyor ve haftada ka\u00e7 ders alaca\u011f\u0131n\u0131z\u0131 belirledikten sonra d\u00f6rt hafta \u00fczerinden ayl\u0131k \u00f6denecek tutar\u0131 hesaplayabiliyorsunuz. <\/p>\n<h2>Kullan\u0131c\u0131 Yorumlar\u0131: Preply iyi mi?<\/h2>\n<p>Bir\u00e7ok kullan\u0131c\u0131 Preply\u2019nin esnek zamanlama, e\u011fitmen \u00e7e\u015fitlili\u011fi ve ki\u015fiye \u00f6zel planlama avantajlar\u0131n\u0131 vurguluyor. \u00d6zellikle \u201cana dili \u0130ngilizce olan e\u011fitmenlerle bire bir konu\u015fma imk\u00e2n\u0131\u201d \u00f6\u011frenciler i\u00e7in \u00f6nemli bir art\u0131 olarak g\u00f6steriliyor. Bununla birlikte baz\u0131 yorumlar \u201c\u00fcst d\u00fczey e\u011fitmenlerin fiyatlar\u0131n\u0131n y\u00fcksek olabildi\u011fi\u201d ya da \u201cdaha yap\u0131land\u0131r\u0131lm\u0131\u015f m\u00fcfredat isteyenler i\u00e7in sistemin daha serbest bir bi\u00e7imde ilerledi\u011fi\u201d y\u00f6n\u00fcnde uyar\u0131lar i\u00e7eriyor.<\/p>\n\n\n\n<p><\/p>\n","protected":false},"excerpt":{"rendered":"<p>Preply Online \u0130ngilizce Kursu Preply \u00d6zellikleri Preply, dil \u00f6\u011frenmeyi hedefleyen herkes i\u00e7in geni\u015f bir e\u011fitmen havuzu sunan online \u0130ngilizce platformu olarak bire bir ve grup dersleri sunuyor. Platformda d\u00fcnyan\u0131n d\u00f6rt bir yan\u0131ndan ana dili \u0130ngilizce veya iki dilli e\u011fitmenler yer al\u0131yor ve \u00f6\u011frenciler b\u00fct\u00e7e, saat dilimi, aksan gibi kriterlere g\u00f6re filtreleme yaparak kendilerine uygun bir [&hellip;]<\/p>\n","protected":false},"author":87,"featured_media":0,"parent":0,"menu_order":4,"comment_status":"closed","ping_status":"closed","template":"","meta":{"_acf_changed":false,"_lmt_disableupdate":"","_lmt_disable":"","footnotes":""},"class_list":["post-87","page","type-page","status-publish","hentry"],"acf":[],"yoast_head":"<!-- This site is optimized with the Yoast SEO plugin v25.9 - https:\/\/yoast.com\/wordpress\/plugins\/seo\/ -->\n<title>Preply - eniyiingilizceplatformu.com\/<\/title>\n<meta name=\"robots\" content=\"noindex, follow, max-snippet:-1, max-image-preview:large, max-video-preview:-1\" \/>\n<meta property=\"og:locale\" content=\"en_US\" \/>\n<meta property=\"og:type\" content=\"article\" \/>\n<meta property=\"og:title\" content=\"Preply - eniyiingilizceplatformu.com\/\" \/>\n<meta property=\"og:description\" content=\"Preply Online \u0130ngilizce Kursu Preply \u00d6zellikleri Preply, dil \u00f6\u011frenmeyi hedefleyen herkes i\u00e7in geni\u015f bir e\u011fitmen havuzu sunan online \u0130ngilizce platformu olarak bire bir ve grup dersleri sunuyor. Platformda d\u00fcnyan\u0131n d\u00f6rt bir yan\u0131ndan ana dili \u0130ngilizce veya iki dilli e\u011fitmenler yer al\u0131yor ve \u00f6\u011frenciler b\u00fct\u00e7e, saat dilimi, aksan gibi kriterlere g\u00f6re filtreleme yaparak kendilerine uygun bir [&hellip;]\" \/>\n<meta property=\"og:url\" content=\"https:\/\/www.stg.openenglish.com\/blog\/eniyiingilizceplatformu\/preply\/\" \/>\n<meta property=\"og:site_name\" content=\"eniyiingilizceplatformu.com\/\" \/>\n<meta property=\"article:modified_time\" content=\"2025-12-24T18:42:59+00:00\" \/>\n<meta name=\"twitter:card\" content=\"summary_large_image\" \/>\n<meta name=\"twitter:label1\" content=\"Est. reading time\" \/>\n\t<meta name=\"twitter:data1\" content=\"3 minutes\" \/>\n<script type=\"application\/ld+json\" class=\"yoast-schema-graph\">{\"@context\":\"https:\/\/schema.org\",\"@graph\":[{\"@type\":\"WebPage\",\"@id\":\"https:\/\/www.stg.openenglish.com\/blog\/eniyiingilizceplatformu\/preply\/\",\"url\":\"https:\/\/www.stg.openenglish.com\/blog\/eniyiingilizceplatformu\/preply\/\",\"name\":\"Preply - eniyiingilizceplatformu.com\/\",\"isPartOf\":{\"@id\":\"https:\/\/www.stg.openenglish.com\/blog\/eniyiingilizceplatformu\/#website\"},\"datePublished\":\"2025-12-19T19:40:36+00:00\",\"dateModified\":\"2025-12-24T18:42:59+00:00\",\"breadcrumb\":{\"@id\":\"https:\/\/www.stg.openenglish.com\/blog\/eniyiingilizceplatformu\/preply\/#breadcrumb\"},\"inLanguage\":\"en-US\",\"potentialAction\":[{\"@type\":\"ReadAction\",\"target\":[\"https:\/\/www.stg.openenglish.com\/blog\/eniyiingilizceplatformu\/preply\/\"]}]},{\"@type\":\"BreadcrumbList\",\"@id\":\"https:\/\/www.stg.openenglish.com\/blog\/eniyiingilizceplatformu\/preply\/#breadcrumb\",\"itemListElement\":[{\"@type\":\"ListItem\",\"position\":1,\"name\":\"Home\",\"item\":\"https:\/\/www.stg.openenglish.com\/blog\/eniyiingilizceplatformu\/\"},{\"@type\":\"ListItem\",\"position\":2,\"name\":\"Preply\"}]},{\"@type\":\"WebSite\",\"@id\":\"https:\/\/www.stg.openenglish.com\/blog\/eniyiingilizceplatformu\/#website\",\"url\":\"https:\/\/www.stg.openenglish.com\/blog\/eniyiingilizceplatformu\/\",\"name\":\"eniyiingilizceplatformu.com\/\",\"description\":\"\",\"potentialAction\":[{\"@type\":\"SearchAction\",\"target\":{\"@type\":\"EntryPoint\",\"urlTemplate\":\"https:\/\/www.stg.openenglish.com\/blog\/eniyiingilizceplatformu\/?s={search_term_string}\"},\"query-input\":{\"@type\":\"PropertyValueSpecification\",\"valueRequired\":true,\"valueName\":\"search_term_string\"}}],\"inLanguage\":\"en-US\"}]}<\/script>\n<!-- \/ Yoast SEO plugin. -->","yoast_head_json":{"title":"Preply - eniyiingilizceplatformu.com\/","robots":{"index":"noindex","follow":"follow","max-snippet":"max-snippet:-1","max-image-preview":"max-image-preview:large","max-video-preview":"max-video-preview:-1"},"og_locale":"en_US","og_type":"article","og_title":"Preply - eniyiingilizceplatformu.com\/","og_description":"Preply Online \u0130ngilizce Kursu Preply \u00d6zellikleri Preply, dil \u00f6\u011frenmeyi hedefleyen herkes i\u00e7in geni\u015f bir e\u011fitmen havuzu sunan online \u0130ngilizce platformu olarak bire bir ve grup dersleri sunuyor. Platformda d\u00fcnyan\u0131n d\u00f6rt bir yan\u0131ndan ana dili \u0130ngilizce veya iki dilli e\u011fitmenler yer al\u0131yor ve \u00f6\u011frenciler b\u00fct\u00e7e, saat dilimi, aksan gibi kriterlere g\u00f6re filtreleme yaparak kendilerine uygun bir [&hellip;]","og_url":"https:\/\/www.stg.openenglish.com\/blog\/eniyiingilizceplatformu\/preply\/","og_site_name":"eniyiingilizceplatformu.com\/","article_modified_time":"2025-12-24T18:42:59+00:00","twitter_card":"summary_large_image","twitter_misc":{"Est. reading time":"3 minutes"},"schema":{"@context":"https:\/\/schema.org","@graph":[{"@type":"WebPage","@id":"https:\/\/www.stg.openenglish.com\/blog\/eniyiingilizceplatformu\/preply\/","url":"https:\/\/www.stg.openenglish.com\/blog\/eniyiingilizceplatformu\/preply\/","name":"Preply - eniyiingilizceplatformu.com\/","isPartOf":{"@id":"https:\/\/www.stg.openenglish.com\/blog\/eniyiingilizceplatformu\/#website"},"datePublished":"2025-12-19T19:40:36+00:00","dateModified":"2025-12-24T18:42:59+00:00","breadcrumb":{"@id":"https:\/\/www.stg.openenglish.com\/blog\/eniyiingilizceplatformu\/preply\/#breadcrumb"},"inLanguage":"en-US","potentialAction":[{"@type":"ReadAction","target":["https:\/\/www.stg.openenglish.com\/blog\/eniyiingilizceplatformu\/preply\/"]}]},{"@type":"BreadcrumbList","@id":"https:\/\/www.stg.openenglish.com\/blog\/eniyiingilizceplatformu\/preply\/#breadcrumb","itemListElement":[{"@type":"ListItem","position":1,"name":"Home","item":"https:\/\/www.stg.openenglish.com\/blog\/eniyiingilizceplatformu\/"},{"@type":"ListItem","position":2,"name":"Preply"}]},{"@type":"WebSite","@id":"https:\/\/www.stg.openenglish.com\/blog\/eniyiingilizceplatformu\/#website","url":"https:\/\/www.stg.openenglish.com\/blog\/eniyiingilizceplatformu\/","name":"eniyiingilizceplatformu.com\/","description":"","potentialAction":[{"@type":"SearchAction","target":{"@type":"EntryPoint","urlTemplate":"https:\/\/www.stg.openenglish.com\/blog\/eniyiingilizceplatformu\/?s={search_term_string}"},"query-input":{"@type":"PropertyValueSpecification","valueRequired":true,"valueName":"search_term_string"}}],"inLanguage":"en-US"}]}},"_links":{"self":[{"href":"https:\/\/www.stg.openenglish.com\/blog\/eniyiingilizceplatformu\/wp-json\/wp\/v2\/pages\/87","targetHints":{"allow":["GET"]}}],"collection":[{"href":"https:\/\/www.stg.openenglish.com\/blog\/eniyiingilizceplatformu\/wp-json\/wp\/v2\/pages"}],"about":[{"href":"https:\/\/www.stg.openenglish.com\/blog\/eniyiingilizceplatformu\/wp-json\/wp\/v2\/types\/page"}],"author":[{"embeddable":true,"href":"https:\/\/www.stg.openenglish.com\/blog\/eniyiingilizceplatformu\/wp-json\/wp\/v2\/users\/87"}],"replies":[{"embeddable":true,"href":"https:\/\/www.stg.openenglish.com\/blog\/eniyiingilizceplatformu\/wp-json\/wp\/v2\/comments?post=87"}],"version-history":[{"count":4,"href":"https:\/\/www.stg.openenglish.com\/blog\/eniyiingilizceplatformu\/wp-json\/wp\/v2\/pages\/87\/revisions"}],"predecessor-version":[{"id":180,"href":"https:\/\/www.stg.openenglish.com\/blog\/eniyiingilizceplatformu\/wp-json\/wp\/v2\/pages\/87\/revisions\/180"}],"wp:attachment":[{"href":"https:\/\/www.stg.openenglish.com\/blog\/eniyiingilizceplatformu\/wp-json\/wp\/v2\/media?parent=87"}],"curies":[{"name":"wp","href":"https:\/\/api.w.org\/{rel}","templated":true}]}}