{"id":6,"date":"2025-12-15T20:11:09","date_gmt":"2025-12-15T20:11:09","guid":{"rendered":"https:\/\/www.stg.openenglish.com\/blog\/eniyiingilizceplatformu\/?page_id=6"},"modified":"2026-01-05T21:22:39","modified_gmt":"2026-01-05T21:22:39","slug":"open-english","status":"publish","type":"page","link":"https:\/\/www.stg.openenglish.com\/blog\/eniyiingilizceplatformu\/open-english\/","title":{"rendered":"Open English"},"content":{"rendered":"\n<h1>Open English Online \u0130ngilizce Kursu<\/h1>\n\n<p>Open English\u2019in CEO\u2019su Andr\u00e9s Moreno taraf\u0131ndan kurulan online \u0130ngilizce platformu, g\u00fcn\u00fcm\u00fczde \u0130ngilizce becerilerini\n\tgeli\u015ftirmek isteyen herkes i\u00e7in son derece kapsaml\u0131 ve etkili bir \u0130ngilizce \u00f6\u011frenme se\u00e7ene\u011fi olarak \u00f6ne \u00e7\u0131k\u0131yor. 3\n\tmilyondan fazla \u00f6\u011frencisiyle her ge\u00e7en g\u00fcn b\u00fcy\u00fcyen platform, \u0130ngilizce \u00f6\u011frenme s\u00fcrecini hem kolay hem h\u0131zl\u0131 hem de\n\tkeyifli bir hale getiriyor. \u00d6\u011frencilerine ev konforunda, kendi h\u0131zlar\u0131nda ilerleyerek \u0130ngilizceyi ak\u0131c\u0131 bir \u015fekilde\n\t\u00f6\u011frenme ve online \u0130ngilizce pratik yapma imk\u00e2n\u0131 sunuyor.<\/p>\n\n<a class=\"--btn-yellow OpenEnglishBTN\" href=\"https:\/\/www.openenglish.com.tr\">Kursu g\u00f6r\u00fcnt\u00fcle<\/a>\n\n<h2>Open English\u2019in \u00d6zellikleri<\/h2>\n\n<p>Open English online \u0130ngilizce kursu, T\u00fcrkiye\u2019deki en iyi \u0130ngilizce \u00f6\u011frenme se\u00e7eneklerinden biri. Bu kursun sundu\u011fu en\n\t\u00f6nemli \u00f6zellikler \u015funlar:<\/p>\n<p>\n\t<strong>Ana dili \u0130ngilizce olan e\u011fitmenler:<\/strong> Bu platformun en b\u00fcy\u00fck avantajlar\u0131ndan biri, ba\u015flang\u0131\u00e7\n\tseviyesinde olan\n\t\u00f6\u011frencilere de, derslerde ana dili \u0130ngilizce olan e\u011fitmenlerle \u0130ngilizce pratik yapma ve ders i\u015fleme imkan\u0131 sunuyor\n\tolmas\u0131. Bu sayede \u00f6\u011frenciler derslerde kendilerini daha rahat hissediyor ve \u0130ngilizce konu\u015furken her ge\u00e7en g\u00fcn daha\n\tfazla \u00f6zg\u00fcven kazan\u0131yor.\n<\/p>\n<p>\n\t<strong>S\u0131n\u0131rs\u0131z online \u0130ngilizce dersleri:<\/strong> Open English\u2019e kay\u0131t olan herkes, s\u0131n\u0131rs\u0131z say\u0131da canl\u0131\n\t\u0130ngilizce dersine eri\u015fim\n\tsa\u011fl\u0131yor. 30 dakikal\u0131k bu online dersler, \u0130ngilizce konu\u015fma prati\u011fi ve telaffuz geli\u015fimine odaklanarak \u00f6\u011frencilerin\n\tdili aktif bir \u015fekilde kullanmas\u0131n\u0131 te\u015fvik ediyor. \u0130ngilizce dersleri, ana dili \u0130ngilizce olan e\u011fitmenler\n\ttaraf\u0131ndan, en fazla 8 ki\u015filik k\u00fc\u00e7\u00fck gruplar halinde y\u00fcr\u00fct\u00fcl\u00fcyor, b\u00f6ylece herkes aktif kat\u0131l\u0131m g\u00f6steriyor.\n<\/p>\n<p>\n\t<strong>Bire bir online \u0130ngilizce dersleri:<\/strong> Daha yo\u011fun bir geli\u015fim hedefleyen \u00f6\u011frenciler i\u00e7in Open English\n\tbire bir \u00f6zel dersler de sunuyor. Bu ki\u015fiselle\u015ftirilmi\u015f \u00f6zel derslerde \u00f6\u011frenci ve e\u011fitmen, \u00f6\u011frencinin ilgi duydu\u011fu\n\tve ilerlemek istedi\u011fi belirli konular \u00fczerinde birlikte \u00e7al\u0131\u015f\u0131yor ve bu sayede \u00f6\u011frenme s\u00fcreci \u00e7ok daha hedefli,\n\tverimli ve h\u0131zl\u0131 bir hale geliyor. Ayr\u0131ca belirtmek gerekiyor ki bu bireysel dersler ek bir \u00fccrete tabi oluyor ve\n\t\u00f6\u011frenciler, ihtiya\u00e7lar\u0131na g\u00f6re ayl\u0131k \u00f6zel ders paketlerinden birini se\u00e7ebiliyor.\n<\/p>\n<p>\n\t<strong>S\u0131n\u0131rs\u0131z pratik ara\u00e7lar\u0131:<\/strong> Open English online \u0130ngilizce kursu son derece kapsaml\u0131 bir platform\n\tsunuyor ve \u00f6\u011frencilerin s\u0131n\u0131rs\u0131z \u015fekilde pratik yapabilmesi i\u00e7in \u00e7ok say\u0131da etkile\u015fimli arac\u0131 bir araya getiriyor.\n\t\u00d6rne\u011fin, platform \u00fczerinden \u0130ngilizce \u00e7eviri arac\u0131na kolayca eri\u015filiyor; ayr\u0131ca do\u011fru telaffuzu geli\u015ftirmek ve\n\t\u0130ngilizce konu\u015fma becerilerini g\u00fc\u00e7lendirmek i\u00e7in yapay zek\u00e2 destekli ses tan\u0131ma teknolojileri kullan\u0131l\u0131yor. Bunun\n\tyan\u0131nda, \u00f6\u011frencinin \u0130ngilizce seviyesine uygun olarak haz\u0131rlanan dinleme, okuma ve telaffuz al\u0131\u015ft\u0131rmalar\u0131n\u0131 i\u00e7eren\n\tgeni\u015f bir interaktif egzersiz yelpazesi sunuluyor.\n<\/p>\n<p>\n\t<strong>Yapay zek\u00e2 asistan\u0131 Jenny:<\/strong> Online \u0130ngilizce kursu Open English\u2019in sundu\u011fu en yenilik\u00e7i\n\t\u00f6zelliklerden biri, \u00f6\u011frencilerin Kaliforniya\u2019dan gelen ak\u0131ll\u0131 sanal asistan Jenny ile etkile\u015fim kurabilmesi. Jenny,\n\ther zaman ula\u015f\u0131labilir olan yapay zek\u00e2 destekli bir asistan olarak, \u00f6\u011frencilerin \u0130ngilizce \u00e7al\u0131\u015fmas\u0131n\u0131 daha ki\u015fisel\n\tve verimli bir hale getiriyor.\n<\/p>\n<p>\n\t<strong>Seviye sertifikas\u0131:<\/strong> Open English online \u0130ngilizce kursunda yer alan 8 seviyenin her birini\n\ttamamlad\u0131\u011f\u0131nda, ba\u015far\u0131yla ge\u00e7ti\u011fini belgeleyen bir sertifika al\u0131yorsun. Bu sertifika, \u0130ngilizce derslerindeki\n\tilerlemeni ve \u00f6\u011frenme s\u00fcrecindeki ba\u015far\u0131n\u0131 g\u00f6steriyor.\n<\/p>\n<p>\n\t<strong>Online \u0130ngilizce kursuna 7\/24 eri\u015fim:<\/strong> Open English online \u0130ngilizce kursu haftan\u0131n her g\u00fcn\u00fc, g\u00fcn\u00fcn\n\t24 saati eri\u015fime a\u00e7\u0131k oluyor. Ayr\u0131ca her 30 dakikada bir ba\u015flayan canl\u0131 \u0130ngilizce dersleri, istedi\u011fin saatte\n\t\u0130ngilizce \u00e7al\u0131\u015fman\u0131 ve \u00f6\u011frenme s\u00fcrecini tamamen kendi program\u0131na g\u00f6re s\u00fcrd\u00fcrmeni sa\u011fl\u0131yor.\n<\/p>\n<p>\n\t<strong>\u00d6\u011frenciler i\u00e7in online \u0130ngilizce uygulamas\u0131:<\/strong> T\u00fcm \u00f6\u011frenciler, \u0130ngilizce \u00f6\u011frenmek i\u00e7in Open\n\tEnglish\u2019in online \u0130ngilizce uygulamas\u0131n\u0131 indirebiliyor. Uygulama sayesinde internet ba\u011flant\u0131n oldu\u011fu s\u00fcrece\n\tistedi\u011fin yerden \u0130ngilizce \u00e7al\u0131\u015fmaya devam edebiliyorsun. Hen\u00fcz \u00f6\u011frenci de\u011filsen, uygulamay\u0131 mobil cihaz\u0131na indirip\n\tplatformun t\u00fcm \u00f6zelliklerini tan\u0131mak i\u00e7in 24 saat boyunca \u00fccretsiz olarak deneyebiliyorsun.\n<\/p>\n\n<a class=\"--btn-yellow OEComofuncionaBTN\" href=\"https:\/\/www.openenglish.com.tr\/nasil-calisir\/\">Nas\u0131l \u00e7al\u0131\u015f\u0131yor?<\/a>\n\n<h2>Open English\u2019in Metodolojisi<\/h2>\n\n<p>\n\tOpen English, kurulu\u015fundan bu yana 15 y\u0131l\u0131 a\u015fk\u0131n s\u00fcredir \u00f6\u011fretim metodolojisini s\u00fcrekli olarak geli\u015ftiriyor. Bu\n\ty\u00f6ntem, \u0130ngilizce \u00f6\u011frenmeyi dinamik ve sosyal bir s\u00fcre\u00e7 haline getirmeyi hedefliyor ve bu ama\u00e7la \u00fc\u00e7 temel unsura\n\tdayan\u0131yor:\n<\/p>\n<ul class=\"--list-oe\">\n\t<li>\n\t\t<strong>Ana dili \u0130ngilizce olan e\u011fitmenlerle online \u0130ngilizce dersleri:<\/strong> Bu canl\u0131 \u0130ngilizce dersleri,\n\t\t\u00f6\u011frencilerin Amerikan \u0130ngilizcesi konu\u015fma ve telaffuz becerilerini geli\u015ftirmeleri i\u00e7in tasarlanm\u0131\u015f, e\u011flenceli ve\n\t\trahat bir \u00f6\u011frenme ortam\u0131 sunuyor. \u00d6\u011frenciler, konu\u015fma ya da dil bilgisi odakl\u0131 grup dersleri aras\u0131nda se\u00e7im\n\t\tyapabiliyor. Her iki se\u00e7enek de s\u0131n\u0131rs\u0131z olarak sunuluyor ve 30 dakika s\u00fcr\u00fcyor. Bu sayede \u00f6\u011frenciler, \u0130ngilizce\n\t\tkonu\u015fmaya ba\u015flarken \u00f6zg\u00fcven kazan\u0131yor ve ak\u0131c\u0131l\u0131klar\u0131n\u0131 art\u0131r\u0131yor.\n\t<\/li>\n\t<li>\n\t\t<strong>S\u00fcrekli pratik:<\/strong> Yeni bir dil \u00f6\u011frenirken d\u00fczenli pratik ve tekrar yapmak b\u00fcy\u00fck \u00f6nem ta\u015f\u0131yor. Bu\n\t\tnedenle Open English, her 30 dakikada bir ba\u015flayan s\u0131n\u0131rs\u0131z online \u0130ngilizce dersleriyle, \u00f6\u011frencilere\n\t\tistedikleri s\u0131kl\u0131kta \u0130ngilizce \u00e7al\u0131\u015fabilme f\u0131rsat\u0131 veriyor. Platform, y\u00fcksek kaliteli materyalleriyle ve\n\t\te\u011fitmenlerden al\u0131nan anl\u0131k geri bildirimlerle \u00f6\u011frencilerin her g\u00fcn geli\u015fim g\u00f6stermesini sa\u011fl\u0131yor.\n\t<\/li>\n\t<li>\n\t\t<strong>Ki\u015fiselle\u015ftirilmi\u015f \u00e7al\u0131\u015fma plan\u0131:<\/strong> \u00d6\u011frenciler ilerledik\u00e7e, platform ders i\u00e7eriklerini ve\n\t\tal\u0131\u015ft\u0131rmalar\u0131 seviyeye uygun \u015fekilde uyarl\u0131yor. B\u00f6ylece herkes kendi h\u0131z\u0131nda ilerliyor ve \u0130ngilizce \u00f6\u011frenme\n\t\ts\u00fcreci ki\u015fisel bir geli\u015fim yolculu\u011funa d\u00f6n\u00fc\u015f\u00fcyor.\n\t<\/li>\n\t<li>\n\t\t<strong>Ki\u015fisel takip:<\/strong> \u0130ngilizce \u00f6\u011frenme s\u00fcreci boyunca motivasyonunu ve istikrar\u0131n\u0131 korumana yard\u0131mc\u0131\n\t\tolmak i\u00e7in Open English, program\u0131na geli\u015fim takibi ara\u00e7lar\u0131 ekliyor. Bu sayede, e\u011fer bir s\u00fcre online \u0130ngilizce\n\t\tderslerine ya da al\u0131\u015ft\u0131rmalar\u0131na girmeyi unutuyorsan, platform seni otomatik olarak uyar\u0131yor ve WhatsApp\n\t\t\u00fczerinden hat\u0131rlatma g\u00f6ndererek yeniden \u0130ngilizce \u00e7al\u0131\u015fmaya devam etmen i\u00e7in seni te\u015fvik ediyor.\n\t<\/li>\n<\/ul>\n\n<a class=\"--btn-yellow OETestBTN\" href=\"https:\/\/www.openenglish.com.tr\/online-ingilizce-platformu\/\">Kursu incele<\/a>\n\n<h2>Open English \u0130ngilizce Seviyeleri<\/h2>\n\n<p>\n\tOnline \u0130ngilizce kursu Open English, Avrupa Dilleri Ortak \u00c7er\u00e7eve Program\u0131\u2019na (CEFR) dayal\u0131 olarak tasarlanm\u0131\u015f 8\n\tseviyeden olu\u015fuyor. Her seviyedeki mod\u00fcller, temel \u0130ngilizceden ileri d\u00fczeye kadar uzan\u0131yor ve \u0130ngilizce \u00f6\u011fretimi\n\tkonusunda uzman ki\u015filer taraf\u0131ndan haz\u0131rlan\u0131yor. Bu mod\u00fcller, \u00f6\u011frencilerin \u0130ngilizce konu\u015fma, dinleme, okuma ve\n\tanlama gibi dil becerilerini kapsaml\u0131 \u015fekilde geli\u015ftirmeyi hedefliyor.\n<\/p>\n<p>\n\tOnline \u0130ngilizce kursu s\u00fcresince \u00f6\u011frenciler ilerledik\u00e7e Open English, her seviyede s\u00fcrekli olarak ilerleme sa\u011flamak\n\ti\u00e7in \u00f6zel olarak belirlenmi\u015f \u00f6\u011frenme hedefleri sunuyor. B\u00f6ylece \u00f6\u011frenciler, ad\u0131m ad\u0131m, sa\u011flam bir temelde ve etkili\n\tbi\u00e7imde \u0130ngilizce \u00f6\u011freniyor.\n<\/p>\n<p>\n\tHer seviyeyi tamamlayan ve ilgili \u0130ngilizce s\u0131nav\u0131n\u0131 ba\u015far\u0131yla ge\u00e7en \u00f6\u011frenciler,<strong> o seviyedeki\n\t\tyetkinliklerini belgeleyen bir sertifika al\u0131yor.<\/strong> Bu sertifika, \u00f6\u011frencilerin \u00f6\u011frenme s\u00fcrecinde\n\tg\u00f6sterdikleri ilerlemeyi somut bi\u00e7imde ortaya koyarak belirlenen hedeflere ula\u015f\u0131ld\u0131\u011f\u0131n\u0131 kan\u0131tl\u0131yor.\n<\/p>\n<p>\n\tProgram\u0131n \u00f6nemli bir \u00f6zelli\u011fi, kursa kay\u0131t olan \u00f6\u011frencilerin bir \u0130ngilizce seviye testine girmesi. Test sonu\u00e7lar\u0131na\n\tg\u00f6re sistem, \u00f6\u011frencileri bilgi d\u00fczeylerine en uygun seviyeye yerle\u015ftiriyor. B\u00f6ylece herkes, kendisiyle benzer\n\tseviyede olan di\u011fer \u00f6\u011frencilerle birlikte, ki\u015fisel hedeflerine uygun bir online \u0130ngilizce \u00f6\u011frenme s\u00fcrecine ba\u015fl\u0131yor.\n<\/p>\n\n<a class=\"--btn-yellow OECursosBTN\" href=\"https:\/\/www.openenglish.com.tr\/ingilizce-seviye-belirleme-testi\/\">\u00dccretsiz \u0130ngilizce Seviye testine gir!<\/a>\n\n<h2>Open English \u0130ngilizce Kursu Se\u00e7enekleri<\/h2>\n\n<p>Open English, farkl\u0131 ya\u015f gruplar\u0131na ve ihtiya\u00e7lara g\u00f6re uyarlanm\u0131\u015f geni\u015f bir online \u0130ngilizce kurs paketi yelpazesi\n\tsunuyor. Platformda yer alan mevcut \u0130ngilizce kurs paketleri aras\u0131nda \u015funlar bulunuyor:<\/p>\n<p><strong>Open English:<\/strong> Yeti\u015fkinlere y\u00f6nelik olan bu online \u0130ngilizce kursu, daha \u00f6nce bahsedilen t\u00fcm\n\t\u00f6zellikleri i\u00e7eriyor. Buna ek olarak, i\u015f hayat\u0131na y\u00f6nelik \u00f6zel olarak haz\u0131rlanm\u0131\u015f 15 farkl\u0131 profesyonel alanda\n\t\u0130ngilizce dersleri sunuyor. Bu alanlar aras\u0131nda i\u015f \u0130ngilizcesi, pazarlama, turizm, m\u00fchendislik gibi konular yer\n\tal\u0131yor. B\u00f6ylece \u00f6\u011frenciler, kendi meslek alanlar\u0131na uygun kelime da\u011farc\u0131\u011f\u0131n\u0131 ve i\u015f ya\u015fam\u0131nda kullan\u0131lan\n\tifadeleri \u00f6\u011freniyor.<\/p>\n<p><strong>Open English Business:<\/strong> Bu program, \u015firketlere y\u00f6nelik \u00f6zel bir \u0130ngilizce kursu \u00e7\u00f6z\u00fcm\u00fc sunuyor.\n\tT\u00fcrkiye\u2019deki i\u015fletmeler i\u00e7in geli\u015ftirilen bu sistem, kurumlar\u0131n ihtiya\u00e7lar\u0131na g\u00f6re ki\u015fiselle\u015ftiriliyor.\n\t\u0130\u015fverenler, \u00e7al\u0131\u015fanlar\u0131n\u0131n ilerlemesini platform \u00fczerinden detayl\u0131 \u015fekilde izleyebiliyor ve geli\u015fimlerini\n\t\u00f6l\u00e7ebiliyor.<\/p>\n<p><strong>\u00dccretsiz \u0130ngilizce dersleri: <\/strong> Open English\u2019in sundu\u011fu bir di\u011fer avantaj, kullan\u0131c\u0131lar\u0131n kay\u0131tl\u0131\n\t\u00f6\u011frenci olmadan da \u0130ngilizce \u00f6\u011frenebilmesi. Markan\u0131n sosyal medya hesaplar\u0131nda ve blogunda payla\u015f\u0131lan i\u00e7erikler\n\tsayesinde, herkes temel d\u00fczeyde \u0130ngilizce \u00e7al\u0131\u015fmak i\u00e7in \u00fccretsiz materyallere eri\u015febiliyor.<\/p>\n\n<a class=\"--btn-yellow OEInglesGratisBTN\" href=\"https:\/\/www.openenglish.com.tr\/ingilizce-konusmak\/\">Online \u0130ngilizce\n\tdersleri seni bekliyor!<\/a>\n\n<h2>Open English \u0130ndirim Kampanyalar\u0131<\/h2>\n\n<p>\n\tOpen English, d\u00f6nemsel olarak online \u0130ngilizce kurs paketlerinde \u00f6zel indirimler sunuyor. Bu kampanyalar,\n\t\u00f6\u011frencilerin en iyi online \u0130ngilizce kursu deneyimine daha uygun fiyatlarla eri\u015fmesini sa\u011fl\u0131yor. G\u00fcncel indirim ve\n\tkampanya detaylar\u0131 d\u00fczenli olarak web sitesinde payla\u015f\u0131l\u0131yor.\n<\/p>\n\n<a class=\"--btn-yellow OEPromocionesBTN\" href=\"https:\/\/www.openenglish.com.tr\/kampanyalar\/\">Kampanyay\u0131 g\u00f6r<\/a>\n\n<h2>Open English: Fiyatlar<\/h2>\n\n<p>Open English, k\u00fcresel \u00f6l\u00e7ekte faaliyet g\u00f6steren bir marka oldu\u011fu i\u00e7in sabit bir fiyat politikas\u0131 uygulam\u0131yor. Open\n\tEnglish, online \u0130ngilizce kurs paketlerinde \u00f6\u011frencileri i\u00e7in fiyatlar\u0131n\u0131 \u00e7e\u015fitli fakt\u00f6rlere g\u00f6re belirliyor:<\/p>\n<ul class=\"--list-oe\">\n\t<li><strong>\u00d6\u011frencinin bulundu\u011fu \u00fclke:<\/strong> \u00d6\u011frenciler, daha eri\u015filebilir ve uygun planlara ula\u015fabilsin diye\n\t\tfiyatlar yerel para birimine ve ekonomik ko\u015fullar\u0131na g\u00f6re belirleniyor.<\/li>\n\t<li><strong>Se\u00e7ilen plan:<\/strong> Online \u0130ngilizce kursuna kaydolurken \u00f6\u011frenciler, farkl\u0131 plan se\u00e7enekleri aras\u0131ndan\n\t\ttercih yapabiliyor. \u00d6rne\u011fin, temel programa ek olarak bire bir \u0130ngilizce dersleri de eklemek isteyenler i\u00e7in ayl\u0131k\n\t\t4, 10 veya 30 \u00f6zel ders i\u00e7eren paketler sunuluyor. Bu ek se\u00e7enekler, toplam kurs \u00fccretini etkiliyor.<\/li>\n\t<li><strong>Kampanyalar ve indirimler:<\/strong> Open English, hem global hem de b\u00f6lgesel d\u00fczeyde d\u00fczenli olarak \u00f6zel\n\t\tkampanyalar ve indirimler uyguluyor. Bu nedenle, online \u0130ngilizce kursuna kay\u0131t yap\u0131lan d\u00f6nemde ge\u00e7erli olan\n\t\tpromosyonlara ba\u011fl\u0131 olarak nihai fiyat de\u011fi\u015febiliyor.<\/li>\n\t<li><strong>\u00dcyelik planlar\u0131:<\/strong> Benzer \u015fekilde, fiyatlar se\u00e7ilen plana g\u00f6re belirleniyor. \u00d6\u011frenciler,\n\t\tihtiya\u00e7lar\u0131na uygun olarak 12 ya da 6 ayl\u0131k online \u0130ngilizce kursu planlar\u0131 aras\u0131ndan se\u00e7im yap\u0131yor ve kurs\n\t\t\u00fccretleri bu tercih do\u011frultusunda \u015fekilleniyor.<\/li>\n\n<\/ul>\n<p>\n\tOpen English online \u0130ngilizce kursunun yakla\u015f\u0131k fiyat\u0131n\u0131 \u00f6\u011frenmek i\u00e7in web sitesindeki formu doldurmak yeterli.\n\tE-posta adresini payla\u015fan \u00f6\u011frencilerle bir dan\u0131\u015fman ileti\u015fime ge\u00e7iyor ve ihtiya\u00e7lar\u0131na ve \u00f6deme se\u00e7eneklerine g\u00f6re\n\tki\u015fisel bir fiyat teklifi sunuyor; b\u00f6ylece herkes en iyi online \u0130ngilizce kursu deneyiminden yararlanabiliyor.\n<\/p>\n\n<a class=\"--btn-yellow OEPreciosBTN\" href=\"https:\/\/www.openenglish.com.tr\/kampanyalar\/\">\u00dccretsiz teklif al<\/a>\n\n<h2>Kullan\u0131c\u0131 Yorumlar\u0131: Open English iyi mi?<\/h2>\n\n<p>\u00d6\u011frencilerinin b\u00fcy\u00fck \u00e7o\u011funlu\u011fu, Open English online \u0130ngilizce kursunu interaktif yap\u0131s\u0131 ve esnek \u00f6\u011frenme modeli\n\tnedeniyle tercih ettiklerini, ana dili \u0130ngilizce olan e\u011fitmenlerle yap\u0131lan canl\u0131 derslerin, dinamik yap\u0131s\u0131 ile\n\tprogramlar\u0131na uygun saatlerde \u0130ngilizce \u00e7al\u0131\u015fabildiklerini vurguluyor.<\/p>\n<p>\u00d6\u011frenciler, ana dili \u0130ngilizce olan e\u011fitmenlerle \u0130ngilizce konu\u015fma prati\u011fi yapabilme ve farkl\u0131 \u00fclkelerden insanlarla\n\tetkile\u015fime girme f\u0131rsat\u0131n\u0131 \u00f6zellikle de\u011ferlendiriyor. Bu sayede, k\u00fclt\u00fcrel \u00e7e\u015fitlili\u011fi destekleyen ve \u0130ngilizce\n\t\u00f6\u011frenmeyi zenginle\u015ftiren bir online \u0130ngilizce toplulu\u011fu olu\u015fuyor.<\/p>\n<p>Ayr\u0131ca \u00f6\u011frenciler kursun, kelime da\u011farc\u0131\u011f\u0131n\u0131 geni\u015fletmelerine, ak\u0131c\u0131l\u0131k ve \u00f6zg\u00fcven kazanmalar\u0131na katk\u0131 sa\u011flad\u0131\u011f\u0131n\u0131\n\tifade ediyorlar.<\/p>\n<p>Bununla birlikte \u00f6\u011frenciler; online \u0130ngilizce uygulamas\u0131nda ya\u015fanan teknik sorunlar, abonelik iptal s\u00fcreci ve\n\tba\u015flang\u0131\u00e7 seviyesindeki \u00f6\u011frenciler i\u00e7in temel \u0130ngilizce dil bilgisi konular\u0131n\u0131n yetersiz olmas\u0131 gibi baz\u0131\n\tgeli\u015ftirilmesi gereken noktalar oldu\u011funu da belirtiyor.<\/p>\n<p>Bu yorumlara ra\u011fmen, bir\u00e7ok \u00f6\u011frenci online \u0130ngilizce derslerini ileti\u015fim becerilerini geli\u015ftirmek a\u00e7\u0131s\u0131ndan son\n\tderece de\u011ferli g\u00f6r\u00fcyor ve bu oturumlar\u0131 genellikle e\u011flenceli bir \u0130ngilizce \u00f6\u011frenme deneyimi olarak tan\u0131ml\u0131yor. Ayr\u0131ca\n\t\u00f6\u011frenciler, ihtiya\u00e7 duyduklar\u0131nda ald\u0131klar\u0131 h\u0131zl\u0131 ve ilgili m\u00fc\u015fteri deste\u011fini de y\u00fcksek oranda takdir ediyor.<\/p>\n\n<a class=\"--btn-yellow OEPreciosBTN\" href=\"https:\/\/www.openenglish.com.tr\/blog\/open-english-yorum\/\">\u00d6\u011frenci yorumlar\u0131n\u0131\n\tg\u00f6r<\/a>\n","protected":false},"excerpt":{"rendered":"<p>Open English Online \u0130ngilizce Kursu Open English\u2019in CEO\u2019su Andr\u00e9s Moreno taraf\u0131ndan kurulan online \u0130ngilizce platformu, g\u00fcn\u00fcm\u00fczde \u0130ngilizce becerilerini geli\u015ftirmek isteyen herkes i\u00e7in son derece kapsaml\u0131 ve etkili bir \u0130ngilizce \u00f6\u011frenme se\u00e7ene\u011fi olarak \u00f6ne \u00e7\u0131k\u0131yor. 3 milyondan fazla \u00f6\u011frencisiyle her ge\u00e7en g\u00fcn b\u00fcy\u00fcyen platform, \u0130ngilizce \u00f6\u011frenme s\u00fcrecini hem kolay hem h\u0131zl\u0131 hem de keyifli bir hale [&hellip;]<\/p>\n","protected":false},"author":87,"featured_media":0,"parent":0,"menu_order":1,"comment_status":"closed","ping_status":"closed","template":"","meta":{"_acf_changed":false,"_lmt_disableupdate":"","_lmt_disable":"","footnotes":""},"class_list":["post-6","page","type-page","status-publish","hentry"],"acf":[],"yoast_head":"<!-- This site is optimized with the Yoast SEO plugin v25.9 - https:\/\/yoast.com\/wordpress\/plugins\/seo\/ -->\n<title>Open English - eniyiingilizceplatformu.com\/<\/title>\n<meta name=\"robots\" content=\"noindex, follow, max-snippet:-1, max-image-preview:large, max-video-preview:-1\" \/>\n<meta property=\"og:locale\" content=\"en_US\" \/>\n<meta property=\"og:type\" content=\"article\" \/>\n<meta property=\"og:title\" content=\"Open English - eniyiingilizceplatformu.com\/\" \/>\n<meta property=\"og:description\" content=\"Open English Online \u0130ngilizce Kursu Open English\u2019in CEO\u2019su Andr\u00e9s Moreno taraf\u0131ndan kurulan online \u0130ngilizce platformu, g\u00fcn\u00fcm\u00fczde \u0130ngilizce becerilerini geli\u015ftirmek isteyen herkes i\u00e7in son derece kapsaml\u0131 ve etkili bir \u0130ngilizce \u00f6\u011frenme se\u00e7ene\u011fi olarak \u00f6ne \u00e7\u0131k\u0131yor. 3 milyondan fazla \u00f6\u011frencisiyle her ge\u00e7en g\u00fcn b\u00fcy\u00fcyen platform, \u0130ngilizce \u00f6\u011frenme s\u00fcrecini hem kolay hem h\u0131zl\u0131 hem de keyifli bir hale [&hellip;]\" \/>\n<meta property=\"og:url\" content=\"https:\/\/www.stg.openenglish.com\/blog\/eniyiingilizceplatformu\/open-english\/\" \/>\n<meta property=\"og:site_name\" content=\"eniyiingilizceplatformu.com\/\" \/>\n<meta property=\"article:modified_time\" content=\"2026-01-05T21:22:39+00:00\" \/>\n<meta name=\"twitter:card\" content=\"summary_large_image\" \/>\n<meta name=\"twitter:label1\" content=\"Est. reading time\" \/>\n\t<meta name=\"twitter:data1\" content=\"7 minutes\" \/>\n<script type=\"application\/ld+json\" class=\"yoast-schema-graph\">{\"@context\":\"https:\/\/schema.org\",\"@graph\":[{\"@type\":\"WebPage\",\"@id\":\"https:\/\/www.stg.openenglish.com\/blog\/eniyiingilizceplatformu\/open-english\/\",\"url\":\"https:\/\/www.stg.openenglish.com\/blog\/eniyiingilizceplatformu\/open-english\/\",\"name\":\"Open English - eniyiingilizceplatformu.com\/\",\"isPartOf\":{\"@id\":\"https:\/\/www.stg.openenglish.com\/blog\/eniyiingilizceplatformu\/#website\"},\"datePublished\":\"2025-12-15T20:11:09+00:00\",\"dateModified\":\"2026-01-05T21:22:39+00:00\",\"breadcrumb\":{\"@id\":\"https:\/\/www.stg.openenglish.com\/blog\/eniyiingilizceplatformu\/open-english\/#breadcrumb\"},\"inLanguage\":\"en-US\",\"potentialAction\":[{\"@type\":\"ReadAction\",\"target\":[\"https:\/\/www.stg.openenglish.com\/blog\/eniyiingilizceplatformu\/open-english\/\"]}]},{\"@type\":\"BreadcrumbList\",\"@id\":\"https:\/\/www.stg.openenglish.com\/blog\/eniyiingilizceplatformu\/open-english\/#breadcrumb\",\"itemListElement\":[{\"@type\":\"ListItem\",\"position\":1,\"name\":\"Home\",\"item\":\"https:\/\/www.stg.openenglish.com\/blog\/eniyiingilizceplatformu\/\"},{\"@type\":\"ListItem\",\"position\":2,\"name\":\"Open English\"}]},{\"@type\":\"WebSite\",\"@id\":\"https:\/\/www.stg.openenglish.com\/blog\/eniyiingilizceplatformu\/#website\",\"url\":\"https:\/\/www.stg.openenglish.com\/blog\/eniyiingilizceplatformu\/\",\"name\":\"eniyiingilizceplatformu.com\/\",\"description\":\"\",\"potentialAction\":[{\"@type\":\"SearchAction\",\"target\":{\"@type\":\"EntryPoint\",\"urlTemplate\":\"https:\/\/www.stg.openenglish.com\/blog\/eniyiingilizceplatformu\/?s={search_term_string}\"},\"query-input\":{\"@type\":\"PropertyValueSpecification\",\"valueRequired\":true,\"valueName\":\"search_term_string\"}}],\"inLanguage\":\"en-US\"}]}<\/script>\n<!-- \/ Yoast SEO plugin. -->","yoast_head_json":{"title":"Open English - eniyiingilizceplatformu.com\/","robots":{"index":"noindex","follow":"follow","max-snippet":"max-snippet:-1","max-image-preview":"max-image-preview:large","max-video-preview":"max-video-preview:-1"},"og_locale":"en_US","og_type":"article","og_title":"Open English - eniyiingilizceplatformu.com\/","og_description":"Open English Online \u0130ngilizce Kursu Open English\u2019in CEO\u2019su Andr\u00e9s Moreno taraf\u0131ndan kurulan online \u0130ngilizce platformu, g\u00fcn\u00fcm\u00fczde \u0130ngilizce becerilerini geli\u015ftirmek isteyen herkes i\u00e7in son derece kapsaml\u0131 ve etkili bir \u0130ngilizce \u00f6\u011frenme se\u00e7ene\u011fi olarak \u00f6ne \u00e7\u0131k\u0131yor. 3 milyondan fazla \u00f6\u011frencisiyle her ge\u00e7en g\u00fcn b\u00fcy\u00fcyen platform, \u0130ngilizce \u00f6\u011frenme s\u00fcrecini hem kolay hem h\u0131zl\u0131 hem de keyifli bir hale [&hellip;]","og_url":"https:\/\/www.stg.openenglish.com\/blog\/eniyiingilizceplatformu\/open-english\/","og_site_name":"eniyiingilizceplatformu.com\/","article_modified_time":"2026-01-05T21:22:39+00:00","twitter_card":"summary_large_image","twitter_misc":{"Est. reading time":"7 minutes"},"schema":{"@context":"https:\/\/schema.org","@graph":[{"@type":"WebPage","@id":"https:\/\/www.stg.openenglish.com\/blog\/eniyiingilizceplatformu\/open-english\/","url":"https:\/\/www.stg.openenglish.com\/blog\/eniyiingilizceplatformu\/open-english\/","name":"Open English - eniyiingilizceplatformu.com\/","isPartOf":{"@id":"https:\/\/www.stg.openenglish.com\/blog\/eniyiingilizceplatformu\/#website"},"datePublished":"2025-12-15T20:11:09+00:00","dateModified":"2026-01-05T21:22:39+00:00","breadcrumb":{"@id":"https:\/\/www.stg.openenglish.com\/blog\/eniyiingilizceplatformu\/open-english\/#breadcrumb"},"inLanguage":"en-US","potentialAction":[{"@type":"ReadAction","target":["https:\/\/www.stg.openenglish.com\/blog\/eniyiingilizceplatformu\/open-english\/"]}]},{"@type":"BreadcrumbList","@id":"https:\/\/www.stg.openenglish.com\/blog\/eniyiingilizceplatformu\/open-english\/#breadcrumb","itemListElement":[{"@type":"ListItem","position":1,"name":"Home","item":"https:\/\/www.stg.openenglish.com\/blog\/eniyiingilizceplatformu\/"},{"@type":"ListItem","position":2,"name":"Open English"}]},{"@type":"WebSite","@id":"https:\/\/www.stg.openenglish.com\/blog\/eniyiingilizceplatformu\/#website","url":"https:\/\/www.stg.openenglish.com\/blog\/eniyiingilizceplatformu\/","name":"eniyiingilizceplatformu.com\/","description":"","potentialAction":[{"@type":"SearchAction","target":{"@type":"EntryPoint","urlTemplate":"https:\/\/www.stg.openenglish.com\/blog\/eniyiingilizceplatformu\/?s={search_term_string}"},"query-input":{"@type":"PropertyValueSpecification","valueRequired":true,"valueName":"search_term_string"}}],"inLanguage":"en-US"}]}},"_links":{"self":[{"href":"https:\/\/www.stg.openenglish.com\/blog\/eniyiingilizceplatformu\/wp-json\/wp\/v2\/pages\/6","targetHints":{"allow":["GET"]}}],"collection":[{"href":"https:\/\/www.stg.openenglish.com\/blog\/eniyiingilizceplatformu\/wp-json\/wp\/v2\/pages"}],"about":[{"href":"https:\/\/www.stg.openenglish.com\/blog\/eniyiingilizceplatformu\/wp-json\/wp\/v2\/types\/page"}],"author":[{"embeddable":true,"href":"https:\/\/www.stg.openenglish.com\/blog\/eniyiingilizceplatformu\/wp-json\/wp\/v2\/users\/87"}],"replies":[{"embeddable":true,"href":"https:\/\/www.stg.openenglish.com\/blog\/eniyiingilizceplatformu\/wp-json\/wp\/v2\/comments?post=6"}],"version-history":[{"count":10,"href":"https:\/\/www.stg.openenglish.com\/blog\/eniyiingilizceplatformu\/wp-json\/wp\/v2\/pages\/6\/revisions"}],"predecessor-version":[{"id":182,"href":"https:\/\/www.stg.openenglish.com\/blog\/eniyiingilizceplatformu\/wp-json\/wp\/v2\/pages\/6\/revisions\/182"}],"wp:attachment":[{"href":"https:\/\/www.stg.openenglish.com\/blog\/eniyiingilizceplatformu\/wp-json\/wp\/v2\/media?parent=6"}],"curies":[{"name":"wp","href":"https:\/\/api.w.org\/{rel}","templated":true}]}}